{"id":12047,"date":"2023-06-12T10:13:38","date_gmt":"2023-06-12T08:13:38","guid":{"rendered":"https:\/\/fondationcab.com\/friends"},"modified":"2024-04-12T12:07:52","modified_gmt":"2024-04-12T10:07:52","slug":"nous-soutenir","status":"publish","type":"page","link":"https:\/\/fondationcab.com\/fr\/nous-soutenir","title":{"rendered":"Nous soutenir"},"content":{"rendered":"<p>La Fondation CAB est un espace \u00e0 but non lucratif d\u00e9di\u00e9 \u00e0 la promotion de l&rsquo;art minimal et conceptuel.<br \/>\nPour nous aider \u00e0 faire de la Fondation CAB un centre d&rsquo;expositions et d&rsquo;artistes en r\u00e9sidence stimulant et pertinent, nous avons lanc\u00e9 notre programme d&rsquo;<em>Amis et Membres de la Fondation CAB<\/em>.<br \/>\nSi vous souhaitez soutenir cette aventure ambitieuse et passionnante rejoignez notre communaut\u00e9 de collectionneurs et d&rsquo;amateurs d&rsquo;art !<\/p>\n","protected":false},"excerpt":{"rendered":"<p>La Fondation CAB est un espace \u00e0 but non lucratif d\u00e9di\u00e9 \u00e0 la promotion de l&rsquo;art minimal et conceptuel. Pour nous aider \u00e0 faire de la Fondation CAB un centre d&rsquo;expositions et d&rsquo;artistes en r\u00e9sidence stimulant et pertinent, nous avons lanc\u00e9 notre programme d&rsquo;Amis et Membres de la Fondation CAB. Si vous souhaitez soutenir cette&nbsp; <a href=\"https:\/\/fondationcab.com\/fr\/nous-soutenir\">&hellip; Read more <i class=\"glyphicon glyphicon-arrow-right\"><\/i><\/a><\/p>\n","protected":false},"author":1,"featured_media":0,"parent":0,"menu_order":0,"comment_status":"closed","ping_status":"closed","template":"friends.php","meta":{"_acf_changed":false,"footnotes":""},"class_list":["post-12047","page","type-page","status-publish","hentry"],"acf":[],"yoast_head":"<!-- This site is optimized with the Yoast SEO plugin v27.3 - https:\/\/yoast.com\/product\/yoast-seo-wordpress\/ -->\n<title>Nous soutenir - FONDATION CAB<\/title>\n<meta name=\"robots\" content=\"index, follow, max-snippet:-1, max-image-preview:large, max-video-preview:-1\" \/>\n<link rel=\"canonical\" href=\"https:\/\/fondationcab.com\/fr\/nous-soutenir\" \/>\n<meta property=\"og:locale\" content=\"fr_FR\" \/>\n<meta property=\"og:type\" content=\"article\" \/>\n<meta property=\"og:title\" content=\"Nous soutenir - FONDATION CAB\" \/>\n<meta property=\"og:description\" content=\"La Fondation CAB est un espace \u00e0 but non lucratif d\u00e9di\u00e9 \u00e0 la promotion de l&rsquo;art minimal et conceptuel. Pour nous aider \u00e0 faire de la Fondation CAB un centre d&rsquo;expositions et d&rsquo;artistes en r\u00e9sidence stimulant et pertinent, nous avons lanc\u00e9 notre programme d&rsquo;Amis et Membres de la Fondation CAB. Si vous souhaitez soutenir cette&nbsp; &hellip; Read more\" \/>\n<meta property=\"og:url\" content=\"https:\/\/fondationcab.com\/fr\/nous-soutenir\" \/>\n<meta property=\"og:site_name\" content=\"FONDATION CAB\" \/>\n<meta property=\"article:publisher\" content=\"https:\/\/www.facebook.com\/CABContemporaryArt\/\" \/>\n<meta property=\"article:modified_time\" content=\"2024-04-12T10:07:52+00:00\" \/>\n<meta name=\"twitter:card\" content=\"summary_large_image\" \/>\n<meta name=\"twitter:label1\" content=\"Dur\u00e9e de lecture estim\u00e9e\" \/>\n\t<meta name=\"twitter:data1\" content=\"3 minutes\" \/>\n<script type=\"application\/ld+json\" class=\"yoast-schema-graph\">{\"@context\":\"https:\\\/\\\/schema.org\",\"@graph\":[{\"@type\":\"WebPage\",\"@id\":\"https:\\\/\\\/fondationcab.com\\\/fr\\\/nous-soutenir\",\"url\":\"https:\\\/\\\/fondationcab.com\\\/fr\\\/nous-soutenir\",\"name\":\"Nous soutenir - FONDATION CAB\",\"isPartOf\":{\"@id\":\"https:\\\/\\\/fondationcab.com\\\/fr#website\"},\"datePublished\":\"2023-06-12T08:13:38+00:00\",\"dateModified\":\"2024-04-12T10:07:52+00:00\",\"breadcrumb\":{\"@id\":\"https:\\\/\\\/fondationcab.com\\\/fr\\\/nous-soutenir#breadcrumb\"},\"inLanguage\":\"fr-FR\",\"potentialAction\":[{\"@type\":\"ReadAction\",\"target\":[\"https:\\\/\\\/fondationcab.com\\\/fr\\\/nous-soutenir\"]}]},{\"@type\":\"BreadcrumbList\",\"@id\":\"https:\\\/\\\/fondationcab.com\\\/fr\\\/nous-soutenir#breadcrumb\",\"itemListElement\":[{\"@type\":\"ListItem\",\"position\":1,\"name\":\"Home\",\"item\":\"https:\\\/\\\/fondationcab.com\\\/fr\"},{\"@type\":\"ListItem\",\"position\":2,\"name\":\"Nous soutenir\"}]},{\"@type\":\"WebSite\",\"@id\":\"https:\\\/\\\/fondationcab.com\\\/fr#website\",\"url\":\"https:\\\/\\\/fondationcab.com\\\/fr\",\"name\":\"FONDATION CAB\",\"description\":\"ART CENTER BRUSSELS\",\"publisher\":{\"@id\":\"https:\\\/\\\/fondationcab.com\\\/fr#organization\"},\"potentialAction\":[{\"@type\":\"SearchAction\",\"target\":{\"@type\":\"EntryPoint\",\"urlTemplate\":\"https:\\\/\\\/fondationcab.com\\\/fr?s={search_term_string}\"},\"query-input\":{\"@type\":\"PropertyValueSpecification\",\"valueRequired\":true,\"valueName\":\"search_term_string\"}}],\"inLanguage\":\"fr-FR\"},{\"@type\":\"Organization\",\"@id\":\"https:\\\/\\\/fondationcab.com\\\/fr#organization\",\"name\":\"Fondation CAB\",\"url\":\"https:\\\/\\\/fondationcab.com\\\/fr\",\"logo\":{\"@type\":\"ImageObject\",\"inLanguage\":\"fr-FR\",\"@id\":\"https:\\\/\\\/fondationcab.com\\\/fr#\\\/schema\\\/logo\\\/image\\\/\",\"url\":\"https:\\\/\\\/cab.storycoding.agency\\\/wp-content\\\/uploads\\\/2018\\\/03\\\/fondation_cab_logo.jpg\",\"contentUrl\":\"https:\\\/\\\/cab.storycoding.agency\\\/wp-content\\\/uploads\\\/2018\\\/03\\\/fondation_cab_logo.jpg\",\"width\":250,\"height\":125,\"caption\":\"Fondation CAB\"},\"image\":{\"@id\":\"https:\\\/\\\/fondationcab.com\\\/fr#\\\/schema\\\/logo\\\/image\\\/\"},\"sameAs\":[\"https:\\\/\\\/www.facebook.com\\\/CABContemporaryArt\\\/\",\"https:\\\/\\\/www.instagram.com\\\/fondation_cab\\\/\",\"https:\\\/\\\/www.youtube.com\\\/channel\\\/UC4BG_XNA2Sn1VGimzwU60Aw\"]}]}<\/script>\n<!-- \/ Yoast SEO plugin. -->","yoast_head_json":{"title":"Nous soutenir - FONDATION CAB","robots":{"index":"index","follow":"follow","max-snippet":"max-snippet:-1","max-image-preview":"max-image-preview:large","max-video-preview":"max-video-preview:-1"},"canonical":"https:\/\/fondationcab.com\/fr\/nous-soutenir","og_locale":"fr_FR","og_type":"article","og_title":"Nous soutenir - FONDATION CAB","og_description":"La Fondation CAB est un espace \u00e0 but non lucratif d\u00e9di\u00e9 \u00e0 la promotion de l&rsquo;art minimal et conceptuel. Pour nous aider \u00e0 faire de la Fondation CAB un centre d&rsquo;expositions et d&rsquo;artistes en r\u00e9sidence stimulant et pertinent, nous avons lanc\u00e9 notre programme d&rsquo;Amis et Membres de la Fondation CAB. Si vous souhaitez soutenir cette&nbsp; &hellip; Read more","og_url":"https:\/\/fondationcab.com\/fr\/nous-soutenir","og_site_name":"FONDATION CAB","article_publisher":"https:\/\/www.facebook.com\/CABContemporaryArt\/","article_modified_time":"2024-04-12T10:07:52+00:00","twitter_card":"summary_large_image","twitter_misc":{"Dur\u00e9e de lecture estim\u00e9e":"3 minutes"},"schema":{"@context":"https:\/\/schema.org","@graph":[{"@type":"WebPage","@id":"https:\/\/fondationcab.com\/fr\/nous-soutenir","url":"https:\/\/fondationcab.com\/fr\/nous-soutenir","name":"Nous soutenir - FONDATION CAB","isPartOf":{"@id":"https:\/\/fondationcab.com\/fr#website"},"datePublished":"2023-06-12T08:13:38+00:00","dateModified":"2024-04-12T10:07:52+00:00","breadcrumb":{"@id":"https:\/\/fondationcab.com\/fr\/nous-soutenir#breadcrumb"},"inLanguage":"fr-FR","potentialAction":[{"@type":"ReadAction","target":["https:\/\/fondationcab.com\/fr\/nous-soutenir"]}]},{"@type":"BreadcrumbList","@id":"https:\/\/fondationcab.com\/fr\/nous-soutenir#breadcrumb","itemListElement":[{"@type":"ListItem","position":1,"name":"Home","item":"https:\/\/fondationcab.com\/fr"},{"@type":"ListItem","position":2,"name":"Nous soutenir"}]},{"@type":"WebSite","@id":"https:\/\/fondationcab.com\/fr#website","url":"https:\/\/fondationcab.com\/fr","name":"FONDATION CAB","description":"ART CENTER BRUSSELS","publisher":{"@id":"https:\/\/fondationcab.com\/fr#organization"},"potentialAction":[{"@type":"SearchAction","target":{"@type":"EntryPoint","urlTemplate":"https:\/\/fondationcab.com\/fr?s={search_term_string}"},"query-input":{"@type":"PropertyValueSpecification","valueRequired":true,"valueName":"search_term_string"}}],"inLanguage":"fr-FR"},{"@type":"Organization","@id":"https:\/\/fondationcab.com\/fr#organization","name":"Fondation CAB","url":"https:\/\/fondationcab.com\/fr","logo":{"@type":"ImageObject","inLanguage":"fr-FR","@id":"https:\/\/fondationcab.com\/fr#\/schema\/logo\/image\/","url":"https:\/\/cab.storycoding.agency\/wp-content\/uploads\/2018\/03\/fondation_cab_logo.jpg","contentUrl":"https:\/\/cab.storycoding.agency\/wp-content\/uploads\/2018\/03\/fondation_cab_logo.jpg","width":250,"height":125,"caption":"Fondation CAB"},"image":{"@id":"https:\/\/fondationcab.com\/fr#\/schema\/logo\/image\/"},"sameAs":["https:\/\/www.facebook.com\/CABContemporaryArt\/","https:\/\/www.instagram.com\/fondation_cab\/","https:\/\/www.youtube.com\/channel\/UC4BG_XNA2Sn1VGimzwU60Aw"]}]}},"_links":{"self":[{"href":"https:\/\/fondationcab.com\/fr\/wp-json\/wp\/v2\/pages\/12047","targetHints":{"allow":["GET"]}}],"collection":[{"href":"https:\/\/fondationcab.com\/fr\/wp-json\/wp\/v2\/pages"}],"about":[{"href":"https:\/\/fondationcab.com\/fr\/wp-json\/wp\/v2\/types\/page"}],"author":[{"embeddable":true,"href":"https:\/\/fondationcab.com\/fr\/wp-json\/wp\/v2\/users\/1"}],"replies":[{"embeddable":true,"href":"https:\/\/fondationcab.com\/fr\/wp-json\/wp\/v2\/comments?post=12047"}],"version-history":[{"count":13,"href":"https:\/\/fondationcab.com\/fr\/wp-json\/wp\/v2\/pages\/12047\/revisions"}],"predecessor-version":[{"id":12182,"href":"https:\/\/fondationcab.com\/fr\/wp-json\/wp\/v2\/pages\/12047\/revisions\/12182"}],"wp:attachment":[{"href":"https:\/\/fondationcab.com\/fr\/wp-json\/wp\/v2\/media?parent=12047"}],"curies":[{"name":"wp","href":"https:\/\/api.w.org\/{rel}","templated":true}]}}