{"id":13921,"date":"2024-09-04T15:48:16","date_gmt":"2024-09-04T13:48:16","guid":{"rendered":"https:\/\/fondationcab.com\/?page_id=13921"},"modified":"2024-09-20T12:52:31","modified_gmt":"2024-09-20T10:52:31","slug":"atelier-creatif-pour-enfants","status":"publish","type":"page","link":"https:\/\/fondationcab.com\/fr\/atelier-creatif-pour-enfants","title":{"rendered":"Atelier cr\u00e9atif pour enfants"},"content":{"rendered":"<p><img loading=\"lazy\" decoding=\"async\" class=\"alignnone size-medium wp-image-13922 alignleft\" src=\"https:\/\/fondationcab.com\/wp-content\/uploads\/2024\/09\/0078F96B-749D-41BC-B2D0-B4AE70336E76-242x300.jpeg\" alt=\"\" width=\"242\" height=\"300\" srcset=\"https:\/\/fondationcab.com\/wp-content\/uploads\/2024\/09\/0078F96B-749D-41BC-B2D0-B4AE70336E76-242x300.jpeg 242w, https:\/\/fondationcab.com\/wp-content\/uploads\/2024\/09\/0078F96B-749D-41BC-B2D0-B4AE70336E76-400x495.jpeg 400w, https:\/\/fondationcab.com\/wp-content\/uploads\/2024\/09\/0078F96B-749D-41BC-B2D0-B4AE70336E76-600x743.jpeg 600w, https:\/\/fondationcab.com\/wp-content\/uploads\/2024\/09\/0078F96B-749D-41BC-B2D0-B4AE70336E76-226x280.jpeg 226w, https:\/\/fondationcab.com\/wp-content\/uploads\/2024\/09\/0078F96B-749D-41BC-B2D0-B4AE70336E76.jpeg 727w\" sizes=\"auto, (max-width: 242px) 100vw, 242px\" \/><\/p>\n<div class=\"\">\n<div class=\"\">\n<div class=\"\">\n<div class=\"\">\n<div class=\"\">\n<div><\/div>\n<div><\/div>\n<div><\/div>\n<div><\/div>\n<div><\/div>\n<div><\/div>\n<div><\/div>\n<div><\/div>\n<div><\/div>\n<div><\/div>\n<div><\/div>\n<\/div>\n<\/div>\n<\/div>\n<div><\/div>\n<div class=\"\">\n<div class=\"\">\n<div class=\"\">\n<div><\/div>\n<div><\/div>\n<div class=\"\">Fondation CAB de Saint-Paul-de-Vence invite vos enfants \u00e0 c\u00e9l\u00e9brer la fin de l&rsquo;\u00e9t\u00e9 autour d&rsquo;un atelier cr\u00e9atif sur le th\u00e8me du savoir-faire, du design et de l&rsquo;\u00e9cologie, o\u00f9 les enfants pourront d\u00e9velopper leur cr\u00e9ativit\u00e9: \u00ab\u00a0L&rsquo;Art de la D\u00e9couverte\u00a0\u00bb. Pr\u00e9c\u00e9d\u00e9 d&rsquo;une visite interactive et suivi d&rsquo;un go\u00fbter, cet atelier permettra aux petits de se sensibiliser aux courants artistiques expos\u00e9s \u00e0 la Fondation: l&rsquo;art minimal et conceptuel. Actuellement les expositions \u00e0 la Fondation CAB Saint-Paul-de-Vence: Edith Dekyndt <em>Specific Subjects\u00a0<\/em>et Muller Van Severen.<\/div>\n<div><\/div>\n<div class=\"\"><strong>Informations pratiques:\u00a0<\/strong><\/div>\n<\/div>\n<\/div>\n<\/div>\n<\/div>\n<\/div>\n<div><strong>Activit\u00e9s pour les enfants de 4 \u00e0 10 ans (atelier en fran\u00e7ais)<\/strong><\/div>\n<div><strong>Mercredi 18 septembre ou Samedi 21 septembre de 14 \u00e0 16h<\/strong><\/div>\n<div><strong>Inscription et payement: spv@fondationcab.com<\/strong><\/div>\n<div><strong>Confirmation de l&rsquo;inscription apr\u00e8s paiement de 10 \u20ac sur le compte (Workshop + le nom de l&rsquo;enfant + votre e-mail)<\/strong><\/div>\n<div><strong>IBAN: FR76 3000 4010 0300 0102 1472 512<\/strong><\/div>\n<div><strong>BIC: BNPAFRPPXXX\u00a0<\/strong><\/div>\n<div class=\"\">\n<div class=\"\">\n<div class=\"\">\n<div class=\"\">\n<blockquote class=\"\">\n<div class=\"\">\n<div class=\"\">\n<div class=\"\">\n<div class=\"\">\n<div class=\"\">\n<blockquote class=\"\">\n<div class=\"\">\n<div class=\"\">\n<div class=\"\">\n<div class=\"\">\n<blockquote class=\"\">\n<div class=\"\"><\/div>\n<\/blockquote>\n<\/div>\n<\/div>\n<\/div>\n<\/div>\n<\/blockquote>\n<\/div>\n<\/div>\n<\/div>\n<\/div>\n<\/div>\n<\/blockquote>\n<\/div>\n<\/div>\n<\/div>\n<\/div>\n","protected":false},"excerpt":{"rendered":"<p>Fondation CAB de Saint-Paul-de-Vence invite vos enfants \u00e0 c\u00e9l\u00e9brer la fin de l&rsquo;\u00e9t\u00e9 autour d&rsquo;un atelier cr\u00e9atif sur le th\u00e8me du savoir-faire, du design et de l&rsquo;\u00e9cologie, o\u00f9 les enfants pourront d\u00e9velopper leur cr\u00e9ativit\u00e9: \u00ab\u00a0L&rsquo;Art de la D\u00e9couverte\u00a0\u00bb. Pr\u00e9c\u00e9d\u00e9 d&rsquo;une visite interactive et suivi d&rsquo;un go\u00fbter, cet atelier permettra aux petits de se sensibiliser aux&nbsp; <a href=\"https:\/\/fondationcab.com\/fr\/atelier-creatif-pour-enfants\">&hellip; Read more <i class=\"glyphicon glyphicon-arrow-right\"><\/i><\/a><\/p>\n","protected":false},"author":4,"featured_media":0,"parent":0,"menu_order":0,"comment_status":"closed","ping_status":"closed","template":"","meta":{"_acf_changed":false,"footnotes":""},"class_list":["post-13921","page","type-page","status-publish","hentry"],"acf":[],"yoast_head":"<!-- This site is optimized with the Yoast SEO plugin v27.4 - https:\/\/yoast.com\/product\/yoast-seo-wordpress\/ -->\n<title>Atelier cr\u00e9atif pour enfants - FONDATION CAB<\/title>\n<meta name=\"robots\" content=\"index, follow, max-snippet:-1, max-image-preview:large, max-video-preview:-1\" \/>\n<link rel=\"canonical\" href=\"https:\/\/fondationcab.com\/fr\/atelier-creatif-pour-enfants\" \/>\n<meta property=\"og:locale\" content=\"fr_FR\" \/>\n<meta property=\"og:type\" content=\"article\" \/>\n<meta property=\"og:title\" content=\"Atelier cr\u00e9atif pour enfants - FONDATION CAB\" \/>\n<meta property=\"og:description\" content=\"Fondation CAB de Saint-Paul-de-Vence invite vos enfants \u00e0 c\u00e9l\u00e9brer la fin de l&rsquo;\u00e9t\u00e9 autour d&rsquo;un atelier cr\u00e9atif sur le th\u00e8me du savoir-faire, du design et de l&rsquo;\u00e9cologie, o\u00f9 les enfants pourront d\u00e9velopper leur cr\u00e9ativit\u00e9: \u00ab\u00a0L&rsquo;Art de la D\u00e9couverte\u00a0\u00bb. Pr\u00e9c\u00e9d\u00e9 d&rsquo;une visite interactive et suivi d&rsquo;un go\u00fbter, cet atelier permettra aux petits de se sensibiliser aux&nbsp; &hellip; Read more\" \/>\n<meta property=\"og:url\" content=\"https:\/\/fondationcab.com\/fr\/atelier-creatif-pour-enfants\" \/>\n<meta property=\"og:site_name\" content=\"FONDATION CAB\" \/>\n<meta property=\"article:publisher\" content=\"https:\/\/www.facebook.com\/CABContemporaryArt\/\" \/>\n<meta property=\"article:modified_time\" content=\"2024-09-20T10:52:31+00:00\" \/>\n<meta property=\"og:image\" content=\"https:\/\/fondationcab.com\/wp-content\/uploads\/2024\/09\/0078F96B-749D-41BC-B2D0-B4AE70336E76-242x300.jpeg\" \/>\n<meta name=\"twitter:card\" content=\"summary_large_image\" \/>\n<meta name=\"twitter:label1\" content=\"Dur\u00e9e de lecture estim\u00e9e\" \/>\n\t<meta name=\"twitter:data1\" content=\"2 minutes\" \/>\n<script type=\"application\/ld+json\" class=\"yoast-schema-graph\">{\"@context\":\"https:\\\/\\\/schema.org\",\"@graph\":[{\"@type\":\"WebPage\",\"@id\":\"https:\\\/\\\/fondationcab.com\\\/fr\\\/atelier-creatif-pour-enfants\",\"url\":\"https:\\\/\\\/fondationcab.com\\\/fr\\\/atelier-creatif-pour-enfants\",\"name\":\"Atelier cr\u00e9atif pour enfants - FONDATION CAB\",\"isPartOf\":{\"@id\":\"https:\\\/\\\/fondationcab.com\\\/fr#website\"},\"primaryImageOfPage\":{\"@id\":\"https:\\\/\\\/fondationcab.com\\\/fr\\\/atelier-creatif-pour-enfants#primaryimage\"},\"image\":{\"@id\":\"https:\\\/\\\/fondationcab.com\\\/fr\\\/atelier-creatif-pour-enfants#primaryimage\"},\"thumbnailUrl\":\"https:\\\/\\\/fondationcab.com\\\/wp-content\\\/uploads\\\/2024\\\/09\\\/0078F96B-749D-41BC-B2D0-B4AE70336E76-242x300.jpeg\",\"datePublished\":\"2024-09-04T13:48:16+00:00\",\"dateModified\":\"2024-09-20T10:52:31+00:00\",\"breadcrumb\":{\"@id\":\"https:\\\/\\\/fondationcab.com\\\/fr\\\/atelier-creatif-pour-enfants#breadcrumb\"},\"inLanguage\":\"fr-FR\",\"potentialAction\":[{\"@type\":\"ReadAction\",\"target\":[\"https:\\\/\\\/fondationcab.com\\\/fr\\\/atelier-creatif-pour-enfants\"]}]},{\"@type\":\"ImageObject\",\"inLanguage\":\"fr-FR\",\"@id\":\"https:\\\/\\\/fondationcab.com\\\/fr\\\/atelier-creatif-pour-enfants#primaryimage\",\"url\":\"https:\\\/\\\/fondationcab.com\\\/wp-content\\\/uploads\\\/2024\\\/09\\\/0078F96B-749D-41BC-B2D0-B4AE70336E76-242x300.jpeg\",\"contentUrl\":\"https:\\\/\\\/fondationcab.com\\\/wp-content\\\/uploads\\\/2024\\\/09\\\/0078F96B-749D-41BC-B2D0-B4AE70336E76-242x300.jpeg\"},{\"@type\":\"BreadcrumbList\",\"@id\":\"https:\\\/\\\/fondationcab.com\\\/fr\\\/atelier-creatif-pour-enfants#breadcrumb\",\"itemListElement\":[{\"@type\":\"ListItem\",\"position\":1,\"name\":\"Home\",\"item\":\"https:\\\/\\\/fondationcab.com\\\/fr\"},{\"@type\":\"ListItem\",\"position\":2,\"name\":\"Atelier cr\u00e9atif pour enfants\"}]},{\"@type\":\"WebSite\",\"@id\":\"https:\\\/\\\/fondationcab.com\\\/fr#website\",\"url\":\"https:\\\/\\\/fondationcab.com\\\/fr\",\"name\":\"FONDATION CAB\",\"description\":\"ART CENTER BRUSSELS\",\"publisher\":{\"@id\":\"https:\\\/\\\/fondationcab.com\\\/fr#organization\"},\"potentialAction\":[{\"@type\":\"SearchAction\",\"target\":{\"@type\":\"EntryPoint\",\"urlTemplate\":\"https:\\\/\\\/fondationcab.com\\\/fr?s={search_term_string}\"},\"query-input\":{\"@type\":\"PropertyValueSpecification\",\"valueRequired\":true,\"valueName\":\"search_term_string\"}}],\"inLanguage\":\"fr-FR\"},{\"@type\":\"Organization\",\"@id\":\"https:\\\/\\\/fondationcab.com\\\/fr#organization\",\"name\":\"Fondation CAB\",\"url\":\"https:\\\/\\\/fondationcab.com\\\/fr\",\"logo\":{\"@type\":\"ImageObject\",\"inLanguage\":\"fr-FR\",\"@id\":\"https:\\\/\\\/fondationcab.com\\\/fr#\\\/schema\\\/logo\\\/image\\\/\",\"url\":\"https:\\\/\\\/cab.storycoding.agency\\\/wp-content\\\/uploads\\\/2018\\\/03\\\/fondation_cab_logo.jpg\",\"contentUrl\":\"https:\\\/\\\/cab.storycoding.agency\\\/wp-content\\\/uploads\\\/2018\\\/03\\\/fondation_cab_logo.jpg\",\"width\":250,\"height\":125,\"caption\":\"Fondation CAB\"},\"image\":{\"@id\":\"https:\\\/\\\/fondationcab.com\\\/fr#\\\/schema\\\/logo\\\/image\\\/\"},\"sameAs\":[\"https:\\\/\\\/www.facebook.com\\\/CABContemporaryArt\\\/\",\"https:\\\/\\\/www.instagram.com\\\/fondation_cab\\\/\",\"https:\\\/\\\/www.youtube.com\\\/channel\\\/UC4BG_XNA2Sn1VGimzwU60Aw\"]}]}<\/script>\n<!-- \/ Yoast SEO plugin. -->","yoast_head_json":{"title":"Atelier cr\u00e9atif pour enfants - FONDATION CAB","robots":{"index":"index","follow":"follow","max-snippet":"max-snippet:-1","max-image-preview":"max-image-preview:large","max-video-preview":"max-video-preview:-1"},"canonical":"https:\/\/fondationcab.com\/fr\/atelier-creatif-pour-enfants","og_locale":"fr_FR","og_type":"article","og_title":"Atelier cr\u00e9atif pour enfants - FONDATION CAB","og_description":"Fondation CAB de Saint-Paul-de-Vence invite vos enfants \u00e0 c\u00e9l\u00e9brer la fin de l&rsquo;\u00e9t\u00e9 autour d&rsquo;un atelier cr\u00e9atif sur le th\u00e8me du savoir-faire, du design et de l&rsquo;\u00e9cologie, o\u00f9 les enfants pourront d\u00e9velopper leur cr\u00e9ativit\u00e9: \u00ab\u00a0L&rsquo;Art de la D\u00e9couverte\u00a0\u00bb. Pr\u00e9c\u00e9d\u00e9 d&rsquo;une visite interactive et suivi d&rsquo;un go\u00fbter, cet atelier permettra aux petits de se sensibiliser aux&nbsp; &hellip; Read more","og_url":"https:\/\/fondationcab.com\/fr\/atelier-creatif-pour-enfants","og_site_name":"FONDATION CAB","article_publisher":"https:\/\/www.facebook.com\/CABContemporaryArt\/","article_modified_time":"2024-09-20T10:52:31+00:00","og_image":[{"url":"https:\/\/fondationcab.com\/wp-content\/uploads\/2024\/09\/0078F96B-749D-41BC-B2D0-B4AE70336E76-242x300.jpeg","type":"","width":"","height":""}],"twitter_card":"summary_large_image","twitter_misc":{"Dur\u00e9e de lecture estim\u00e9e":"2 minutes"},"schema":{"@context":"https:\/\/schema.org","@graph":[{"@type":"WebPage","@id":"https:\/\/fondationcab.com\/fr\/atelier-creatif-pour-enfants","url":"https:\/\/fondationcab.com\/fr\/atelier-creatif-pour-enfants","name":"Atelier cr\u00e9atif pour enfants - FONDATION CAB","isPartOf":{"@id":"https:\/\/fondationcab.com\/fr#website"},"primaryImageOfPage":{"@id":"https:\/\/fondationcab.com\/fr\/atelier-creatif-pour-enfants#primaryimage"},"image":{"@id":"https:\/\/fondationcab.com\/fr\/atelier-creatif-pour-enfants#primaryimage"},"thumbnailUrl":"https:\/\/fondationcab.com\/wp-content\/uploads\/2024\/09\/0078F96B-749D-41BC-B2D0-B4AE70336E76-242x300.jpeg","datePublished":"2024-09-04T13:48:16+00:00","dateModified":"2024-09-20T10:52:31+00:00","breadcrumb":{"@id":"https:\/\/fondationcab.com\/fr\/atelier-creatif-pour-enfants#breadcrumb"},"inLanguage":"fr-FR","potentialAction":[{"@type":"ReadAction","target":["https:\/\/fondationcab.com\/fr\/atelier-creatif-pour-enfants"]}]},{"@type":"ImageObject","inLanguage":"fr-FR","@id":"https:\/\/fondationcab.com\/fr\/atelier-creatif-pour-enfants#primaryimage","url":"https:\/\/fondationcab.com\/wp-content\/uploads\/2024\/09\/0078F96B-749D-41BC-B2D0-B4AE70336E76-242x300.jpeg","contentUrl":"https:\/\/fondationcab.com\/wp-content\/uploads\/2024\/09\/0078F96B-749D-41BC-B2D0-B4AE70336E76-242x300.jpeg"},{"@type":"BreadcrumbList","@id":"https:\/\/fondationcab.com\/fr\/atelier-creatif-pour-enfants#breadcrumb","itemListElement":[{"@type":"ListItem","position":1,"name":"Home","item":"https:\/\/fondationcab.com\/fr"},{"@type":"ListItem","position":2,"name":"Atelier cr\u00e9atif pour enfants"}]},{"@type":"WebSite","@id":"https:\/\/fondationcab.com\/fr#website","url":"https:\/\/fondationcab.com\/fr","name":"FONDATION CAB","description":"ART CENTER BRUSSELS","publisher":{"@id":"https:\/\/fondationcab.com\/fr#organization"},"potentialAction":[{"@type":"SearchAction","target":{"@type":"EntryPoint","urlTemplate":"https:\/\/fondationcab.com\/fr?s={search_term_string}"},"query-input":{"@type":"PropertyValueSpecification","valueRequired":true,"valueName":"search_term_string"}}],"inLanguage":"fr-FR"},{"@type":"Organization","@id":"https:\/\/fondationcab.com\/fr#organization","name":"Fondation CAB","url":"https:\/\/fondationcab.com\/fr","logo":{"@type":"ImageObject","inLanguage":"fr-FR","@id":"https:\/\/fondationcab.com\/fr#\/schema\/logo\/image\/","url":"https:\/\/cab.storycoding.agency\/wp-content\/uploads\/2018\/03\/fondation_cab_logo.jpg","contentUrl":"https:\/\/cab.storycoding.agency\/wp-content\/uploads\/2018\/03\/fondation_cab_logo.jpg","width":250,"height":125,"caption":"Fondation CAB"},"image":{"@id":"https:\/\/fondationcab.com\/fr#\/schema\/logo\/image\/"},"sameAs":["https:\/\/www.facebook.com\/CABContemporaryArt\/","https:\/\/www.instagram.com\/fondation_cab\/","https:\/\/www.youtube.com\/channel\/UC4BG_XNA2Sn1VGimzwU60Aw"]}]}},"_links":{"self":[{"href":"https:\/\/fondationcab.com\/fr\/wp-json\/wp\/v2\/pages\/13921","targetHints":{"allow":["GET"]}}],"collection":[{"href":"https:\/\/fondationcab.com\/fr\/wp-json\/wp\/v2\/pages"}],"about":[{"href":"https:\/\/fondationcab.com\/fr\/wp-json\/wp\/v2\/types\/page"}],"author":[{"embeddable":true,"href":"https:\/\/fondationcab.com\/fr\/wp-json\/wp\/v2\/users\/4"}],"replies":[{"embeddable":true,"href":"https:\/\/fondationcab.com\/fr\/wp-json\/wp\/v2\/comments?post=13921"}],"version-history":[{"count":13,"href":"https:\/\/fondationcab.com\/fr\/wp-json\/wp\/v2\/pages\/13921\/revisions"}],"predecessor-version":[{"id":13937,"href":"https:\/\/fondationcab.com\/fr\/wp-json\/wp\/v2\/pages\/13921\/revisions\/13937"}],"wp:attachment":[{"href":"https:\/\/fondationcab.com\/fr\/wp-json\/wp\/v2\/media?parent=13921"}],"curies":[{"name":"wp","href":"https:\/\/api.w.org\/{rel}","templated":true}]}}