{"id":1630,"date":"2018-03-03T08:17:09","date_gmt":"2018-03-03T06:17:09","guid":{"rendered":"https:\/\/fondationcab.com\/about"},"modified":"2025-11-13T16:24:40","modified_gmt":"2025-11-13T14:24:40","slug":"fondation","status":"publish","type":"page","link":"https:\/\/fondationcab.com\/fr\/fondation","title":{"rendered":"Fondation"},"content":{"rendered":"<p><span id=\"s2_1\">La Fondation est le reflet de la collection d\u2019Hubert Bonnet et de sa passion pour l\u2019art minimal, la Fondation CAB Bruxelles et St-Paul-de-Vence s\u2019inspire de la p\u00e9riode constructiviste jusqu\u2019\u00e0 nos jours.\u00a0<\/span><span id=\"s2_1\">pour pr\u00e9senter le travail d\u2019artistes qui poss\u00e8dent une esth\u00e9tique et une pratique artistique singuli\u00e8res.\u00a0<\/span><span id=\"s2_2\">A Bruxelles, le programme se compose de deux expositions principales par an : une exposition d\u2019envergure d\u2019art minimal organis\u00e9e par des commissaires pr\u00e9sentant des artistes de renomm\u00e9e internationale et une exposition d\u2019\u0153uvres inspir\u00e9es par l\u2019art minimal r\u00e9alis\u00e9es par de jeunes artistes contemporains, dont des nouvelles productions in-situ.\u00a0<\/span><span id=\"s2_3\">En outre, la Fondation CAB accueille une s\u00e9rie de projets sp\u00e9ciaux, invitant des initiatives cibl\u00e9es de galeries, mus\u00e9es, conservateurs et artistes du monde entier con\u00e7us conform\u00e9ment \u00e0 sa mission. <span id=\"s2_1\">La Fondation CAB Saint-Paul-de-Vence, install\u00e9e dans un superbe b\u00e2timent des ann\u00e9es 1950, a pour objectif de contribuer \u00e0 la mission de la fondation avec une double programmation\u00a0: la pr\u00e9sentation de la collection de la fondation et des expositions th\u00e9matiques et saisonni\u00e8res.<\/span> <span id=\"s2_2\">Il proposera \u00e9galement un programme de r\u00e9sidences d\u2019artistes pour la saison hivernale.\u00a0<\/span><\/span><\/p>\n<p>&nbsp;<\/p>\n","protected":false},"excerpt":{"rendered":"<p>La Fondation est le reflet de la collection d\u2019Hubert Bonnet et de sa passion pour l\u2019art minimal, la Fondation CAB Bruxelles et St-Paul-de-Vence s\u2019inspire de la p\u00e9riode constructiviste jusqu\u2019\u00e0 nos jours.\u00a0pour pr\u00e9senter le travail d\u2019artistes qui poss\u00e8dent une esth\u00e9tique et une pratique artistique singuli\u00e8res.\u00a0A Bruxelles, le programme se compose de deux expositions principales par an&nbsp; <a href=\"https:\/\/fondationcab.com\/fr\/fondation\">&hellip; Read more <i class=\"glyphicon glyphicon-arrow-right\"><\/i><\/a><\/p>\n","protected":false},"author":1,"featured_media":2182,"parent":0,"menu_order":2,"comment_status":"closed","ping_status":"closed","template":"about-general.php","meta":{"_acf_changed":false,"footnotes":""},"class_list":["post-1630","page","type-page","status-publish","has-post-thumbnail","hentry"],"acf":[],"yoast_head":"<!-- This site is optimized with the Yoast SEO plugin v27.4 - https:\/\/yoast.com\/product\/yoast-seo-wordpress\/ -->\n<title>Fondation - FONDATION CAB<\/title>\n<meta name=\"robots\" content=\"index, follow, max-snippet:-1, max-image-preview:large, max-video-preview:-1\" \/>\n<link rel=\"canonical\" href=\"https:\/\/fondationcab.com\/fr\/fondation\" \/>\n<meta property=\"og:locale\" content=\"fr_FR\" \/>\n<meta property=\"og:type\" content=\"article\" \/>\n<meta property=\"og:title\" content=\"Fondation - FONDATION CAB\" \/>\n<meta property=\"og:description\" content=\"La Fondation est le reflet de la collection d\u2019Hubert Bonnet et de sa passion pour l\u2019art minimal, la Fondation CAB Bruxelles et St-Paul-de-Vence s\u2019inspire de la p\u00e9riode constructiviste jusqu\u2019\u00e0 nos jours.\u00a0pour pr\u00e9senter le travail d\u2019artistes qui poss\u00e8dent une esth\u00e9tique et une pratique artistique singuli\u00e8res.\u00a0A Bruxelles, le programme se compose de deux expositions principales par an&nbsp; &hellip; Read more\" \/>\n<meta property=\"og:url\" content=\"https:\/\/fondationcab.com\/fr\/fondation\" \/>\n<meta property=\"og:site_name\" content=\"FONDATION CAB\" \/>\n<meta property=\"article:publisher\" content=\"https:\/\/www.facebook.com\/CABContemporaryArt\/\" \/>\n<meta property=\"article:modified_time\" content=\"2025-11-13T14:24:40+00:00\" \/>\n<meta property=\"og:image\" content=\"https:\/\/fondationcab.com\/wp-content\/uploads\/2018\/07\/dsc2796-4-scaled.jpg\" \/>\n\t<meta property=\"og:image:width\" content=\"2560\" \/>\n\t<meta property=\"og:image:height\" content=\"1709\" \/>\n\t<meta property=\"og:image:type\" content=\"image\/jpeg\" \/>\n<meta name=\"twitter:card\" content=\"summary_large_image\" \/>\n<meta name=\"twitter:label1\" content=\"Dur\u00e9e de lecture estim\u00e9e\" \/>\n\t<meta name=\"twitter:data1\" content=\"6 minutes\" \/>\n<script type=\"application\/ld+json\" class=\"yoast-schema-graph\">{\"@context\":\"https:\\\/\\\/schema.org\",\"@graph\":[{\"@type\":\"WebPage\",\"@id\":\"https:\\\/\\\/fondationcab.com\\\/fr\\\/fondation\",\"url\":\"https:\\\/\\\/fondationcab.com\\\/fr\\\/fondation\",\"name\":\"Fondation - FONDATION CAB\",\"isPartOf\":{\"@id\":\"https:\\\/\\\/fondationcab.com\\\/fr#website\"},\"primaryImageOfPage\":{\"@id\":\"https:\\\/\\\/fondationcab.com\\\/fr\\\/fondation#primaryimage\"},\"image\":{\"@id\":\"https:\\\/\\\/fondationcab.com\\\/fr\\\/fondation#primaryimage\"},\"thumbnailUrl\":\"https:\\\/\\\/fondationcab.com\\\/wp-content\\\/uploads\\\/2018\\\/07\\\/dsc2796-4-scaled.jpg\",\"datePublished\":\"2018-03-03T06:17:09+00:00\",\"dateModified\":\"2025-11-13T14:24:40+00:00\",\"breadcrumb\":{\"@id\":\"https:\\\/\\\/fondationcab.com\\\/fr\\\/fondation#breadcrumb\"},\"inLanguage\":\"fr-FR\",\"potentialAction\":[{\"@type\":\"ReadAction\",\"target\":[\"https:\\\/\\\/fondationcab.com\\\/fr\\\/fondation\"]}]},{\"@type\":\"ImageObject\",\"inLanguage\":\"fr-FR\",\"@id\":\"https:\\\/\\\/fondationcab.com\\\/fr\\\/fondation#primaryimage\",\"url\":\"https:\\\/\\\/fondationcab.com\\\/wp-content\\\/uploads\\\/2018\\\/07\\\/dsc2796-4-scaled.jpg\",\"contentUrl\":\"https:\\\/\\\/fondationcab.com\\\/wp-content\\\/uploads\\\/2018\\\/07\\\/dsc2796-4-scaled.jpg\",\"width\":2560,\"height\":1709},{\"@type\":\"BreadcrumbList\",\"@id\":\"https:\\\/\\\/fondationcab.com\\\/fr\\\/fondation#breadcrumb\",\"itemListElement\":[{\"@type\":\"ListItem\",\"position\":1,\"name\":\"Home\",\"item\":\"https:\\\/\\\/fondationcab.com\\\/fr\"},{\"@type\":\"ListItem\",\"position\":2,\"name\":\"Fondation\"}]},{\"@type\":\"WebSite\",\"@id\":\"https:\\\/\\\/fondationcab.com\\\/fr#website\",\"url\":\"https:\\\/\\\/fondationcab.com\\\/fr\",\"name\":\"FONDATION CAB\",\"description\":\"ART CENTER BRUSSELS\",\"publisher\":{\"@id\":\"https:\\\/\\\/fondationcab.com\\\/fr#organization\"},\"potentialAction\":[{\"@type\":\"SearchAction\",\"target\":{\"@type\":\"EntryPoint\",\"urlTemplate\":\"https:\\\/\\\/fondationcab.com\\\/fr?s={search_term_string}\"},\"query-input\":{\"@type\":\"PropertyValueSpecification\",\"valueRequired\":true,\"valueName\":\"search_term_string\"}}],\"inLanguage\":\"fr-FR\"},{\"@type\":\"Organization\",\"@id\":\"https:\\\/\\\/fondationcab.com\\\/fr#organization\",\"name\":\"Fondation CAB\",\"url\":\"https:\\\/\\\/fondationcab.com\\\/fr\",\"logo\":{\"@type\":\"ImageObject\",\"inLanguage\":\"fr-FR\",\"@id\":\"https:\\\/\\\/fondationcab.com\\\/fr#\\\/schema\\\/logo\\\/image\\\/\",\"url\":\"https:\\\/\\\/cab.storycoding.agency\\\/wp-content\\\/uploads\\\/2018\\\/03\\\/fondation_cab_logo.jpg\",\"contentUrl\":\"https:\\\/\\\/cab.storycoding.agency\\\/wp-content\\\/uploads\\\/2018\\\/03\\\/fondation_cab_logo.jpg\",\"width\":250,\"height\":125,\"caption\":\"Fondation CAB\"},\"image\":{\"@id\":\"https:\\\/\\\/fondationcab.com\\\/fr#\\\/schema\\\/logo\\\/image\\\/\"},\"sameAs\":[\"https:\\\/\\\/www.facebook.com\\\/CABContemporaryArt\\\/\",\"https:\\\/\\\/www.instagram.com\\\/fondation_cab\\\/\",\"https:\\\/\\\/www.youtube.com\\\/channel\\\/UC4BG_XNA2Sn1VGimzwU60Aw\"]}]}<\/script>\n<!-- \/ Yoast SEO plugin. -->","yoast_head_json":{"title":"Fondation - FONDATION CAB","robots":{"index":"index","follow":"follow","max-snippet":"max-snippet:-1","max-image-preview":"max-image-preview:large","max-video-preview":"max-video-preview:-1"},"canonical":"https:\/\/fondationcab.com\/fr\/fondation","og_locale":"fr_FR","og_type":"article","og_title":"Fondation - FONDATION CAB","og_description":"La Fondation est le reflet de la collection d\u2019Hubert Bonnet et de sa passion pour l\u2019art minimal, la Fondation CAB Bruxelles et St-Paul-de-Vence s\u2019inspire de la p\u00e9riode constructiviste jusqu\u2019\u00e0 nos jours.\u00a0pour pr\u00e9senter le travail d\u2019artistes qui poss\u00e8dent une esth\u00e9tique et une pratique artistique singuli\u00e8res.\u00a0A Bruxelles, le programme se compose de deux expositions principales par an&nbsp; &hellip; Read more","og_url":"https:\/\/fondationcab.com\/fr\/fondation","og_site_name":"FONDATION CAB","article_publisher":"https:\/\/www.facebook.com\/CABContemporaryArt\/","article_modified_time":"2025-11-13T14:24:40+00:00","og_image":[{"width":2560,"height":1709,"url":"https:\/\/fondationcab.com\/wp-content\/uploads\/2018\/07\/dsc2796-4-scaled.jpg","type":"image\/jpeg"}],"twitter_card":"summary_large_image","twitter_misc":{"Dur\u00e9e de lecture estim\u00e9e":"6 minutes"},"schema":{"@context":"https:\/\/schema.org","@graph":[{"@type":"WebPage","@id":"https:\/\/fondationcab.com\/fr\/fondation","url":"https:\/\/fondationcab.com\/fr\/fondation","name":"Fondation - FONDATION CAB","isPartOf":{"@id":"https:\/\/fondationcab.com\/fr#website"},"primaryImageOfPage":{"@id":"https:\/\/fondationcab.com\/fr\/fondation#primaryimage"},"image":{"@id":"https:\/\/fondationcab.com\/fr\/fondation#primaryimage"},"thumbnailUrl":"https:\/\/fondationcab.com\/wp-content\/uploads\/2018\/07\/dsc2796-4-scaled.jpg","datePublished":"2018-03-03T06:17:09+00:00","dateModified":"2025-11-13T14:24:40+00:00","breadcrumb":{"@id":"https:\/\/fondationcab.com\/fr\/fondation#breadcrumb"},"inLanguage":"fr-FR","potentialAction":[{"@type":"ReadAction","target":["https:\/\/fondationcab.com\/fr\/fondation"]}]},{"@type":"ImageObject","inLanguage":"fr-FR","@id":"https:\/\/fondationcab.com\/fr\/fondation#primaryimage","url":"https:\/\/fondationcab.com\/wp-content\/uploads\/2018\/07\/dsc2796-4-scaled.jpg","contentUrl":"https:\/\/fondationcab.com\/wp-content\/uploads\/2018\/07\/dsc2796-4-scaled.jpg","width":2560,"height":1709},{"@type":"BreadcrumbList","@id":"https:\/\/fondationcab.com\/fr\/fondation#breadcrumb","itemListElement":[{"@type":"ListItem","position":1,"name":"Home","item":"https:\/\/fondationcab.com\/fr"},{"@type":"ListItem","position":2,"name":"Fondation"}]},{"@type":"WebSite","@id":"https:\/\/fondationcab.com\/fr#website","url":"https:\/\/fondationcab.com\/fr","name":"FONDATION CAB","description":"ART CENTER BRUSSELS","publisher":{"@id":"https:\/\/fondationcab.com\/fr#organization"},"potentialAction":[{"@type":"SearchAction","target":{"@type":"EntryPoint","urlTemplate":"https:\/\/fondationcab.com\/fr?s={search_term_string}"},"query-input":{"@type":"PropertyValueSpecification","valueRequired":true,"valueName":"search_term_string"}}],"inLanguage":"fr-FR"},{"@type":"Organization","@id":"https:\/\/fondationcab.com\/fr#organization","name":"Fondation CAB","url":"https:\/\/fondationcab.com\/fr","logo":{"@type":"ImageObject","inLanguage":"fr-FR","@id":"https:\/\/fondationcab.com\/fr#\/schema\/logo\/image\/","url":"https:\/\/cab.storycoding.agency\/wp-content\/uploads\/2018\/03\/fondation_cab_logo.jpg","contentUrl":"https:\/\/cab.storycoding.agency\/wp-content\/uploads\/2018\/03\/fondation_cab_logo.jpg","width":250,"height":125,"caption":"Fondation CAB"},"image":{"@id":"https:\/\/fondationcab.com\/fr#\/schema\/logo\/image\/"},"sameAs":["https:\/\/www.facebook.com\/CABContemporaryArt\/","https:\/\/www.instagram.com\/fondation_cab\/","https:\/\/www.youtube.com\/channel\/UC4BG_XNA2Sn1VGimzwU60Aw"]}]}},"_links":{"self":[{"href":"https:\/\/fondationcab.com\/fr\/wp-json\/wp\/v2\/pages\/1630","targetHints":{"allow":["GET"]}}],"collection":[{"href":"https:\/\/fondationcab.com\/fr\/wp-json\/wp\/v2\/pages"}],"about":[{"href":"https:\/\/fondationcab.com\/fr\/wp-json\/wp\/v2\/types\/page"}],"author":[{"embeddable":true,"href":"https:\/\/fondationcab.com\/fr\/wp-json\/wp\/v2\/users\/1"}],"replies":[{"embeddable":true,"href":"https:\/\/fondationcab.com\/fr\/wp-json\/wp\/v2\/comments?post=1630"}],"version-history":[{"count":11,"href":"https:\/\/fondationcab.com\/fr\/wp-json\/wp\/v2\/pages\/1630\/revisions"}],"predecessor-version":[{"id":16086,"href":"https:\/\/fondationcab.com\/fr\/wp-json\/wp\/v2\/pages\/1630\/revisions\/16086"}],"wp:featuredmedia":[{"embeddable":true,"href":"https:\/\/fondationcab.com\/fr\/wp-json\/wp\/v2\/media\/2182"}],"wp:attachment":[{"href":"https:\/\/fondationcab.com\/fr\/wp-json\/wp\/v2\/media?parent=1630"}],"curies":[{"name":"wp","href":"https:\/\/api.w.org\/{rel}","templated":true}]}}