{"id":5240,"date":"2021-03-05T23:10:10","date_gmt":"2021-03-05T21:10:10","guid":{"rendered":"https:\/\/fondationcab.com\/?page_id=5240"},"modified":"2024-10-09T12:34:31","modified_gmt":"2024-10-09T10:34:31","slug":"residences-a-bruxelles","status":"publish","type":"page","link":"https:\/\/fondationcab.com\/fr\/residences-a-bruxelles","title":{"rendered":"R\u00e9sidences Bruxelles"},"content":{"rendered":"<p>Le programme d\u2019artiste en r\u00e9sidence de la Fondation CAB a pour but d\u2019accueillir des artistes nationaux et internationaux, \u00e9mergents et \u00e9tablis, pour une p\u00e9riode jusqu&rsquo;\u00e0 deux mois consacr\u00e9s au travail, \u00e0 la recherche et \/ ou \u00e0 la r\u00e9flexion sur leur pratique, sans la pression de la production ou de la pr\u00e9sentation. Nous invitons des artistes qui s&rsquo;inscrivent dans la mission de la Fondation CAB, qui interpr\u00e8tent et questionnent les traditions du minimalisme et du conceptualisme avec une approche contemporaine. <strong>Merci de noter que les r\u00e9sidences se font par invitation en ce moment.<\/strong><\/p>\n","protected":false},"excerpt":{"rendered":"<p>Le programme d\u2019artiste en r\u00e9sidence de la Fondation CAB a pour but d\u2019accueillir des artistes nationaux et internationaux, \u00e9mergents et \u00e9tablis, pour une p\u00e9riode jusqu&rsquo;\u00e0 deux mois consacr\u00e9s au travail, \u00e0 la recherche et \/ ou \u00e0 la r\u00e9flexion sur leur pratique, sans la pression de la production ou de la pr\u00e9sentation. Nous invitons des&nbsp; <a href=\"https:\/\/fondationcab.com\/fr\/residences-a-bruxelles\">&hellip; Read more <i class=\"glyphicon glyphicon-arrow-right\"><\/i><\/a><\/p>\n","protected":false},"author":1,"featured_media":0,"parent":0,"menu_order":36,"comment_status":"closed","ping_status":"closed","template":"residencies.php","meta":{"_acf_changed":false,"footnotes":""},"class_list":["post-5240","page","type-page","status-publish","hentry"],"acf":[],"yoast_head":"<!-- This site is optimized with the Yoast SEO plugin v27.3 - https:\/\/yoast.com\/product\/yoast-seo-wordpress\/ -->\n<title>R\u00e9sidences Bruxelles - FONDATION CAB<\/title>\n<meta name=\"robots\" content=\"index, follow, max-snippet:-1, max-image-preview:large, max-video-preview:-1\" \/>\n<link rel=\"canonical\" href=\"https:\/\/fondationcab.com\/fr\/residences-a-bruxelles\" \/>\n<meta property=\"og:locale\" content=\"fr_FR\" \/>\n<meta property=\"og:type\" content=\"article\" \/>\n<meta property=\"og:title\" content=\"R\u00e9sidences Bruxelles - FONDATION CAB\" \/>\n<meta property=\"og:description\" content=\"Le programme d\u2019artiste en r\u00e9sidence de la Fondation CAB a pour but d\u2019accueillir des artistes nationaux et internationaux, \u00e9mergents et \u00e9tablis, pour une p\u00e9riode jusqu&rsquo;\u00e0 deux mois consacr\u00e9s au travail, \u00e0 la recherche et \/ ou \u00e0 la r\u00e9flexion sur leur pratique, sans la pression de la production ou de la pr\u00e9sentation. Nous invitons des&nbsp; &hellip; Read more\" \/>\n<meta property=\"og:url\" content=\"https:\/\/fondationcab.com\/fr\/residences-a-bruxelles\" \/>\n<meta property=\"og:site_name\" content=\"FONDATION CAB\" \/>\n<meta property=\"article:publisher\" content=\"https:\/\/www.facebook.com\/CABContemporaryArt\/\" \/>\n<meta property=\"article:modified_time\" content=\"2024-10-09T10:34:31+00:00\" \/>\n<meta name=\"twitter:card\" content=\"summary_large_image\" \/>\n<meta name=\"twitter:label1\" content=\"Dur\u00e9e de lecture estim\u00e9e\" \/>\n\t<meta name=\"twitter:data1\" content=\"1 minute\" \/>\n<script type=\"application\/ld+json\" class=\"yoast-schema-graph\">{\"@context\":\"https:\\\/\\\/schema.org\",\"@graph\":[{\"@type\":\"WebPage\",\"@id\":\"https:\\\/\\\/fondationcab.com\\\/fr\\\/residences-a-bruxelles\",\"url\":\"https:\\\/\\\/fondationcab.com\\\/fr\\\/residences-a-bruxelles\",\"name\":\"R\u00e9sidences Bruxelles - FONDATION CAB\",\"isPartOf\":{\"@id\":\"https:\\\/\\\/fondationcab.com\\\/fr#website\"},\"datePublished\":\"2021-03-05T21:10:10+00:00\",\"dateModified\":\"2024-10-09T10:34:31+00:00\",\"breadcrumb\":{\"@id\":\"https:\\\/\\\/fondationcab.com\\\/fr\\\/residences-a-bruxelles#breadcrumb\"},\"inLanguage\":\"fr-FR\",\"potentialAction\":[{\"@type\":\"ReadAction\",\"target\":[\"https:\\\/\\\/fondationcab.com\\\/fr\\\/residences-a-bruxelles\"]}]},{\"@type\":\"BreadcrumbList\",\"@id\":\"https:\\\/\\\/fondationcab.com\\\/fr\\\/residences-a-bruxelles#breadcrumb\",\"itemListElement\":[{\"@type\":\"ListItem\",\"position\":1,\"name\":\"Home\",\"item\":\"https:\\\/\\\/fondationcab.com\\\/fr\"},{\"@type\":\"ListItem\",\"position\":2,\"name\":\"R\u00e9sidences Bruxelles\"}]},{\"@type\":\"WebSite\",\"@id\":\"https:\\\/\\\/fondationcab.com\\\/fr#website\",\"url\":\"https:\\\/\\\/fondationcab.com\\\/fr\",\"name\":\"FONDATION CAB\",\"description\":\"ART CENTER BRUSSELS\",\"publisher\":{\"@id\":\"https:\\\/\\\/fondationcab.com\\\/fr#organization\"},\"potentialAction\":[{\"@type\":\"SearchAction\",\"target\":{\"@type\":\"EntryPoint\",\"urlTemplate\":\"https:\\\/\\\/fondationcab.com\\\/fr?s={search_term_string}\"},\"query-input\":{\"@type\":\"PropertyValueSpecification\",\"valueRequired\":true,\"valueName\":\"search_term_string\"}}],\"inLanguage\":\"fr-FR\"},{\"@type\":\"Organization\",\"@id\":\"https:\\\/\\\/fondationcab.com\\\/fr#organization\",\"name\":\"Fondation CAB\",\"url\":\"https:\\\/\\\/fondationcab.com\\\/fr\",\"logo\":{\"@type\":\"ImageObject\",\"inLanguage\":\"fr-FR\",\"@id\":\"https:\\\/\\\/fondationcab.com\\\/fr#\\\/schema\\\/logo\\\/image\\\/\",\"url\":\"https:\\\/\\\/cab.storycoding.agency\\\/wp-content\\\/uploads\\\/2018\\\/03\\\/fondation_cab_logo.jpg\",\"contentUrl\":\"https:\\\/\\\/cab.storycoding.agency\\\/wp-content\\\/uploads\\\/2018\\\/03\\\/fondation_cab_logo.jpg\",\"width\":250,\"height\":125,\"caption\":\"Fondation CAB\"},\"image\":{\"@id\":\"https:\\\/\\\/fondationcab.com\\\/fr#\\\/schema\\\/logo\\\/image\\\/\"},\"sameAs\":[\"https:\\\/\\\/www.facebook.com\\\/CABContemporaryArt\\\/\",\"https:\\\/\\\/www.instagram.com\\\/fondation_cab\\\/\",\"https:\\\/\\\/www.youtube.com\\\/channel\\\/UC4BG_XNA2Sn1VGimzwU60Aw\"]}]}<\/script>\n<!-- \/ Yoast SEO plugin. -->","yoast_head_json":{"title":"R\u00e9sidences Bruxelles - FONDATION CAB","robots":{"index":"index","follow":"follow","max-snippet":"max-snippet:-1","max-image-preview":"max-image-preview:large","max-video-preview":"max-video-preview:-1"},"canonical":"https:\/\/fondationcab.com\/fr\/residences-a-bruxelles","og_locale":"fr_FR","og_type":"article","og_title":"R\u00e9sidences Bruxelles - FONDATION CAB","og_description":"Le programme d\u2019artiste en r\u00e9sidence de la Fondation CAB a pour but d\u2019accueillir des artistes nationaux et internationaux, \u00e9mergents et \u00e9tablis, pour une p\u00e9riode jusqu&rsquo;\u00e0 deux mois consacr\u00e9s au travail, \u00e0 la recherche et \/ ou \u00e0 la r\u00e9flexion sur leur pratique, sans la pression de la production ou de la pr\u00e9sentation. Nous invitons des&nbsp; &hellip; Read more","og_url":"https:\/\/fondationcab.com\/fr\/residences-a-bruxelles","og_site_name":"FONDATION CAB","article_publisher":"https:\/\/www.facebook.com\/CABContemporaryArt\/","article_modified_time":"2024-10-09T10:34:31+00:00","twitter_card":"summary_large_image","twitter_misc":{"Dur\u00e9e de lecture estim\u00e9e":"1 minute"},"schema":{"@context":"https:\/\/schema.org","@graph":[{"@type":"WebPage","@id":"https:\/\/fondationcab.com\/fr\/residences-a-bruxelles","url":"https:\/\/fondationcab.com\/fr\/residences-a-bruxelles","name":"R\u00e9sidences Bruxelles - FONDATION CAB","isPartOf":{"@id":"https:\/\/fondationcab.com\/fr#website"},"datePublished":"2021-03-05T21:10:10+00:00","dateModified":"2024-10-09T10:34:31+00:00","breadcrumb":{"@id":"https:\/\/fondationcab.com\/fr\/residences-a-bruxelles#breadcrumb"},"inLanguage":"fr-FR","potentialAction":[{"@type":"ReadAction","target":["https:\/\/fondationcab.com\/fr\/residences-a-bruxelles"]}]},{"@type":"BreadcrumbList","@id":"https:\/\/fondationcab.com\/fr\/residences-a-bruxelles#breadcrumb","itemListElement":[{"@type":"ListItem","position":1,"name":"Home","item":"https:\/\/fondationcab.com\/fr"},{"@type":"ListItem","position":2,"name":"R\u00e9sidences Bruxelles"}]},{"@type":"WebSite","@id":"https:\/\/fondationcab.com\/fr#website","url":"https:\/\/fondationcab.com\/fr","name":"FONDATION CAB","description":"ART CENTER BRUSSELS","publisher":{"@id":"https:\/\/fondationcab.com\/fr#organization"},"potentialAction":[{"@type":"SearchAction","target":{"@type":"EntryPoint","urlTemplate":"https:\/\/fondationcab.com\/fr?s={search_term_string}"},"query-input":{"@type":"PropertyValueSpecification","valueRequired":true,"valueName":"search_term_string"}}],"inLanguage":"fr-FR"},{"@type":"Organization","@id":"https:\/\/fondationcab.com\/fr#organization","name":"Fondation CAB","url":"https:\/\/fondationcab.com\/fr","logo":{"@type":"ImageObject","inLanguage":"fr-FR","@id":"https:\/\/fondationcab.com\/fr#\/schema\/logo\/image\/","url":"https:\/\/cab.storycoding.agency\/wp-content\/uploads\/2018\/03\/fondation_cab_logo.jpg","contentUrl":"https:\/\/cab.storycoding.agency\/wp-content\/uploads\/2018\/03\/fondation_cab_logo.jpg","width":250,"height":125,"caption":"Fondation CAB"},"image":{"@id":"https:\/\/fondationcab.com\/fr#\/schema\/logo\/image\/"},"sameAs":["https:\/\/www.facebook.com\/CABContemporaryArt\/","https:\/\/www.instagram.com\/fondation_cab\/","https:\/\/www.youtube.com\/channel\/UC4BG_XNA2Sn1VGimzwU60Aw"]}]}},"_links":{"self":[{"href":"https:\/\/fondationcab.com\/fr\/wp-json\/wp\/v2\/pages\/5240","targetHints":{"allow":["GET"]}}],"collection":[{"href":"https:\/\/fondationcab.com\/fr\/wp-json\/wp\/v2\/pages"}],"about":[{"href":"https:\/\/fondationcab.com\/fr\/wp-json\/wp\/v2\/types\/page"}],"author":[{"embeddable":true,"href":"https:\/\/fondationcab.com\/fr\/wp-json\/wp\/v2\/users\/1"}],"replies":[{"embeddable":true,"href":"https:\/\/fondationcab.com\/fr\/wp-json\/wp\/v2\/comments?post=5240"}],"version-history":[{"count":7,"href":"https:\/\/fondationcab.com\/fr\/wp-json\/wp\/v2\/pages\/5240\/revisions"}],"predecessor-version":[{"id":14213,"href":"https:\/\/fondationcab.com\/fr\/wp-json\/wp\/v2\/pages\/5240\/revisions\/14213"}],"wp:attachment":[{"href":"https:\/\/fondationcab.com\/fr\/wp-json\/wp\/v2\/media?parent=5240"}],"curies":[{"name":"wp","href":"https:\/\/api.w.org\/{rel}","templated":true}]}}