{"id":5281,"date":"2021-03-08T22:09:37","date_gmt":"2021-03-08T21:09:37","guid":{"rendered":"https:\/\/fondationcab.com\/?page_id=5281"},"modified":"2025-11-13T16:28:00","modified_gmt":"2025-11-13T14:28:00","slug":"fondation-cab-bruxelles","status":"publish","type":"page","link":"https:\/\/fondationcab.com\/fr\/fondation-cab-bruxelles","title":{"rendered":"Fondation CAB Bruxelles"},"content":{"rendered":"<p>Le b\u00e2timent de 800 m2 nouvellement restaur\u00e9 de la Fondation CAB par Olivier Dwek met \u00e0 disposition un espace ouvert et d\u00e9pouill\u00e9 situ\u00e9 pr\u00e8s du cadre bucolique des \u00e9tangs d\u2019Ixelles, \u00e0 proximit\u00e9 de nombreux lieux d\u2019art contemporain. Contrastant avec l\u2019architecture d\u2019origine du b\u00e2timent, l\u2019int\u00e9rieur modulable et flexible offre les espaces n\u00e9cessaires \u00e0 l\u2019exp\u00e9rimentation. Le b\u00e2timent abrite \u00e9galement un grand studio pour les artistes en r\u00e9sidence.<\/p>\n<p>La Fondation CAB est un acteur majeur du dynamisme de la sc\u00e8ne artistique bruxelloise et un p\u00f4le important dans le circuit art contemporain de la ville.<\/p>\n","protected":false},"excerpt":{"rendered":"<p>Le b\u00e2timent de 800 m2 nouvellement restaur\u00e9 de la Fondation CAB par Olivier Dwek met \u00e0 disposition un espace ouvert et d\u00e9pouill\u00e9 situ\u00e9 pr\u00e8s du cadre bucolique des \u00e9tangs d\u2019Ixelles, \u00e0 proximit\u00e9 de nombreux lieux d\u2019art contemporain. Contrastant avec l\u2019architecture d\u2019origine du b\u00e2timent, l\u2019int\u00e9rieur modulable et flexible offre les espaces n\u00e9cessaires \u00e0 l\u2019exp\u00e9rimentation. Le b\u00e2timent&nbsp; <a href=\"https:\/\/fondationcab.com\/fr\/fondation-cab-bruxelles\">&hellip; Read more <i class=\"glyphicon glyphicon-arrow-right\"><\/i><\/a><\/p>\n","protected":false},"author":1,"featured_media":742,"parent":0,"menu_order":17,"comment_status":"closed","ping_status":"closed","template":"about.php","meta":{"_acf_changed":false,"footnotes":""},"class_list":["post-5281","page","type-page","status-publish","has-post-thumbnail","hentry"],"acf":[],"yoast_head":"<!-- This site is optimized with the Yoast SEO plugin v27.4 - https:\/\/yoast.com\/product\/yoast-seo-wordpress\/ -->\n<title>Fondation CAB Bruxelles - FONDATION CAB<\/title>\n<meta name=\"robots\" content=\"index, follow, max-snippet:-1, max-image-preview:large, max-video-preview:-1\" \/>\n<link rel=\"canonical\" href=\"https:\/\/fondationcab.com\/fr\/fondation-cab-bruxelles\" \/>\n<meta property=\"og:locale\" content=\"fr_FR\" \/>\n<meta property=\"og:type\" content=\"article\" \/>\n<meta property=\"og:title\" content=\"Fondation CAB Bruxelles - FONDATION CAB\" \/>\n<meta property=\"og:description\" content=\"Le b\u00e2timent de 800 m2 nouvellement restaur\u00e9 de la Fondation CAB par Olivier Dwek met \u00e0 disposition un espace ouvert et d\u00e9pouill\u00e9 situ\u00e9 pr\u00e8s du cadre bucolique des \u00e9tangs d\u2019Ixelles, \u00e0 proximit\u00e9 de nombreux lieux d\u2019art contemporain. Contrastant avec l\u2019architecture d\u2019origine du b\u00e2timent, l\u2019int\u00e9rieur modulable et flexible offre les espaces n\u00e9cessaires \u00e0 l\u2019exp\u00e9rimentation. Le b\u00e2timent&nbsp; &hellip; Read more\" \/>\n<meta property=\"og:url\" content=\"https:\/\/fondationcab.com\/fr\/fondation-cab-bruxelles\" \/>\n<meta property=\"og:site_name\" content=\"FONDATION CAB\" \/>\n<meta property=\"article:publisher\" content=\"https:\/\/www.facebook.com\/CABContemporaryArt\/\" \/>\n<meta property=\"article:modified_time\" content=\"2025-11-13T14:28:00+00:00\" \/>\n<meta property=\"og:image\" content=\"https:\/\/fondationcab.com\/wp-content\/uploads\/2018\/03\/cab-2-scaled.jpg\" \/>\n\t<meta property=\"og:image:width\" content=\"2560\" \/>\n\t<meta property=\"og:image:height\" content=\"1707\" \/>\n\t<meta property=\"og:image:type\" content=\"image\/jpeg\" \/>\n<meta name=\"twitter:card\" content=\"summary_large_image\" \/>\n<meta name=\"twitter:label1\" content=\"Dur\u00e9e de lecture estim\u00e9e\" \/>\n\t<meta name=\"twitter:data1\" content=\"3 minutes\" \/>\n<script type=\"application\/ld+json\" class=\"yoast-schema-graph\">{\"@context\":\"https:\\\/\\\/schema.org\",\"@graph\":[{\"@type\":\"WebPage\",\"@id\":\"https:\\\/\\\/fondationcab.com\\\/fr\\\/fondation-cab-bruxelles\",\"url\":\"https:\\\/\\\/fondationcab.com\\\/fr\\\/fondation-cab-bruxelles\",\"name\":\"Fondation CAB Bruxelles - FONDATION CAB\",\"isPartOf\":{\"@id\":\"https:\\\/\\\/fondationcab.com\\\/fr#website\"},\"primaryImageOfPage\":{\"@id\":\"https:\\\/\\\/fondationcab.com\\\/fr\\\/fondation-cab-bruxelles#primaryimage\"},\"image\":{\"@id\":\"https:\\\/\\\/fondationcab.com\\\/fr\\\/fondation-cab-bruxelles#primaryimage\"},\"thumbnailUrl\":\"https:\\\/\\\/fondationcab.com\\\/wp-content\\\/uploads\\\/2018\\\/03\\\/cab-2-scaled.jpg\",\"datePublished\":\"2021-03-08T21:09:37+00:00\",\"dateModified\":\"2025-11-13T14:28:00+00:00\",\"breadcrumb\":{\"@id\":\"https:\\\/\\\/fondationcab.com\\\/fr\\\/fondation-cab-bruxelles#breadcrumb\"},\"inLanguage\":\"fr-FR\",\"potentialAction\":[{\"@type\":\"ReadAction\",\"target\":[\"https:\\\/\\\/fondationcab.com\\\/fr\\\/fondation-cab-bruxelles\"]}]},{\"@type\":\"ImageObject\",\"inLanguage\":\"fr-FR\",\"@id\":\"https:\\\/\\\/fondationcab.com\\\/fr\\\/fondation-cab-bruxelles#primaryimage\",\"url\":\"https:\\\/\\\/fondationcab.com\\\/wp-content\\\/uploads\\\/2018\\\/03\\\/cab-2-scaled.jpg\",\"contentUrl\":\"https:\\\/\\\/fondationcab.com\\\/wp-content\\\/uploads\\\/2018\\\/03\\\/cab-2-scaled.jpg\",\"width\":2560,\"height\":1707},{\"@type\":\"BreadcrumbList\",\"@id\":\"https:\\\/\\\/fondationcab.com\\\/fr\\\/fondation-cab-bruxelles#breadcrumb\",\"itemListElement\":[{\"@type\":\"ListItem\",\"position\":1,\"name\":\"Home\",\"item\":\"https:\\\/\\\/fondationcab.com\\\/fr\"},{\"@type\":\"ListItem\",\"position\":2,\"name\":\"Fondation CAB Bruxelles\"}]},{\"@type\":\"WebSite\",\"@id\":\"https:\\\/\\\/fondationcab.com\\\/fr#website\",\"url\":\"https:\\\/\\\/fondationcab.com\\\/fr\",\"name\":\"FONDATION CAB\",\"description\":\"ART CENTER BRUSSELS\",\"publisher\":{\"@id\":\"https:\\\/\\\/fondationcab.com\\\/fr#organization\"},\"potentialAction\":[{\"@type\":\"SearchAction\",\"target\":{\"@type\":\"EntryPoint\",\"urlTemplate\":\"https:\\\/\\\/fondationcab.com\\\/fr?s={search_term_string}\"},\"query-input\":{\"@type\":\"PropertyValueSpecification\",\"valueRequired\":true,\"valueName\":\"search_term_string\"}}],\"inLanguage\":\"fr-FR\"},{\"@type\":\"Organization\",\"@id\":\"https:\\\/\\\/fondationcab.com\\\/fr#organization\",\"name\":\"Fondation CAB\",\"url\":\"https:\\\/\\\/fondationcab.com\\\/fr\",\"logo\":{\"@type\":\"ImageObject\",\"inLanguage\":\"fr-FR\",\"@id\":\"https:\\\/\\\/fondationcab.com\\\/fr#\\\/schema\\\/logo\\\/image\\\/\",\"url\":\"https:\\\/\\\/cab.storycoding.agency\\\/wp-content\\\/uploads\\\/2018\\\/03\\\/fondation_cab_logo.jpg\",\"contentUrl\":\"https:\\\/\\\/cab.storycoding.agency\\\/wp-content\\\/uploads\\\/2018\\\/03\\\/fondation_cab_logo.jpg\",\"width\":250,\"height\":125,\"caption\":\"Fondation CAB\"},\"image\":{\"@id\":\"https:\\\/\\\/fondationcab.com\\\/fr#\\\/schema\\\/logo\\\/image\\\/\"},\"sameAs\":[\"https:\\\/\\\/www.facebook.com\\\/CABContemporaryArt\\\/\",\"https:\\\/\\\/www.instagram.com\\\/fondation_cab\\\/\",\"https:\\\/\\\/www.youtube.com\\\/channel\\\/UC4BG_XNA2Sn1VGimzwU60Aw\"]}]}<\/script>\n<!-- \/ Yoast SEO plugin. -->","yoast_head_json":{"title":"Fondation CAB Bruxelles - FONDATION CAB","robots":{"index":"index","follow":"follow","max-snippet":"max-snippet:-1","max-image-preview":"max-image-preview:large","max-video-preview":"max-video-preview:-1"},"canonical":"https:\/\/fondationcab.com\/fr\/fondation-cab-bruxelles","og_locale":"fr_FR","og_type":"article","og_title":"Fondation CAB Bruxelles - FONDATION CAB","og_description":"Le b\u00e2timent de 800 m2 nouvellement restaur\u00e9 de la Fondation CAB par Olivier Dwek met \u00e0 disposition un espace ouvert et d\u00e9pouill\u00e9 situ\u00e9 pr\u00e8s du cadre bucolique des \u00e9tangs d\u2019Ixelles, \u00e0 proximit\u00e9 de nombreux lieux d\u2019art contemporain. Contrastant avec l\u2019architecture d\u2019origine du b\u00e2timent, l\u2019int\u00e9rieur modulable et flexible offre les espaces n\u00e9cessaires \u00e0 l\u2019exp\u00e9rimentation. Le b\u00e2timent&nbsp; &hellip; Read more","og_url":"https:\/\/fondationcab.com\/fr\/fondation-cab-bruxelles","og_site_name":"FONDATION CAB","article_publisher":"https:\/\/www.facebook.com\/CABContemporaryArt\/","article_modified_time":"2025-11-13T14:28:00+00:00","og_image":[{"width":2560,"height":1707,"url":"https:\/\/fondationcab.com\/wp-content\/uploads\/2018\/03\/cab-2-scaled.jpg","type":"image\/jpeg"}],"twitter_card":"summary_large_image","twitter_misc":{"Dur\u00e9e de lecture estim\u00e9e":"3 minutes"},"schema":{"@context":"https:\/\/schema.org","@graph":[{"@type":"WebPage","@id":"https:\/\/fondationcab.com\/fr\/fondation-cab-bruxelles","url":"https:\/\/fondationcab.com\/fr\/fondation-cab-bruxelles","name":"Fondation CAB Bruxelles - FONDATION CAB","isPartOf":{"@id":"https:\/\/fondationcab.com\/fr#website"},"primaryImageOfPage":{"@id":"https:\/\/fondationcab.com\/fr\/fondation-cab-bruxelles#primaryimage"},"image":{"@id":"https:\/\/fondationcab.com\/fr\/fondation-cab-bruxelles#primaryimage"},"thumbnailUrl":"https:\/\/fondationcab.com\/wp-content\/uploads\/2018\/03\/cab-2-scaled.jpg","datePublished":"2021-03-08T21:09:37+00:00","dateModified":"2025-11-13T14:28:00+00:00","breadcrumb":{"@id":"https:\/\/fondationcab.com\/fr\/fondation-cab-bruxelles#breadcrumb"},"inLanguage":"fr-FR","potentialAction":[{"@type":"ReadAction","target":["https:\/\/fondationcab.com\/fr\/fondation-cab-bruxelles"]}]},{"@type":"ImageObject","inLanguage":"fr-FR","@id":"https:\/\/fondationcab.com\/fr\/fondation-cab-bruxelles#primaryimage","url":"https:\/\/fondationcab.com\/wp-content\/uploads\/2018\/03\/cab-2-scaled.jpg","contentUrl":"https:\/\/fondationcab.com\/wp-content\/uploads\/2018\/03\/cab-2-scaled.jpg","width":2560,"height":1707},{"@type":"BreadcrumbList","@id":"https:\/\/fondationcab.com\/fr\/fondation-cab-bruxelles#breadcrumb","itemListElement":[{"@type":"ListItem","position":1,"name":"Home","item":"https:\/\/fondationcab.com\/fr"},{"@type":"ListItem","position":2,"name":"Fondation CAB Bruxelles"}]},{"@type":"WebSite","@id":"https:\/\/fondationcab.com\/fr#website","url":"https:\/\/fondationcab.com\/fr","name":"FONDATION CAB","description":"ART CENTER BRUSSELS","publisher":{"@id":"https:\/\/fondationcab.com\/fr#organization"},"potentialAction":[{"@type":"SearchAction","target":{"@type":"EntryPoint","urlTemplate":"https:\/\/fondationcab.com\/fr?s={search_term_string}"},"query-input":{"@type":"PropertyValueSpecification","valueRequired":true,"valueName":"search_term_string"}}],"inLanguage":"fr-FR"},{"@type":"Organization","@id":"https:\/\/fondationcab.com\/fr#organization","name":"Fondation CAB","url":"https:\/\/fondationcab.com\/fr","logo":{"@type":"ImageObject","inLanguage":"fr-FR","@id":"https:\/\/fondationcab.com\/fr#\/schema\/logo\/image\/","url":"https:\/\/cab.storycoding.agency\/wp-content\/uploads\/2018\/03\/fondation_cab_logo.jpg","contentUrl":"https:\/\/cab.storycoding.agency\/wp-content\/uploads\/2018\/03\/fondation_cab_logo.jpg","width":250,"height":125,"caption":"Fondation CAB"},"image":{"@id":"https:\/\/fondationcab.com\/fr#\/schema\/logo\/image\/"},"sameAs":["https:\/\/www.facebook.com\/CABContemporaryArt\/","https:\/\/www.instagram.com\/fondation_cab\/","https:\/\/www.youtube.com\/channel\/UC4BG_XNA2Sn1VGimzwU60Aw"]}]}},"_links":{"self":[{"href":"https:\/\/fondationcab.com\/fr\/wp-json\/wp\/v2\/pages\/5281","targetHints":{"allow":["GET"]}}],"collection":[{"href":"https:\/\/fondationcab.com\/fr\/wp-json\/wp\/v2\/pages"}],"about":[{"href":"https:\/\/fondationcab.com\/fr\/wp-json\/wp\/v2\/types\/page"}],"author":[{"embeddable":true,"href":"https:\/\/fondationcab.com\/fr\/wp-json\/wp\/v2\/users\/1"}],"replies":[{"embeddable":true,"href":"https:\/\/fondationcab.com\/fr\/wp-json\/wp\/v2\/comments?post=5281"}],"version-history":[{"count":10,"href":"https:\/\/fondationcab.com\/fr\/wp-json\/wp\/v2\/pages\/5281\/revisions"}],"predecessor-version":[{"id":16090,"href":"https:\/\/fondationcab.com\/fr\/wp-json\/wp\/v2\/pages\/5281\/revisions\/16090"}],"wp:featuredmedia":[{"embeddable":true,"href":"https:\/\/fondationcab.com\/fr\/wp-json\/wp\/v2\/media\/742"}],"wp:attachment":[{"href":"https:\/\/fondationcab.com\/fr\/wp-json\/wp\/v2\/media?parent=5281"}],"curies":[{"name":"wp","href":"https:\/\/api.w.org\/{rel}","templated":true}]}}