{"id":5311,"date":"2021-03-08T22:24:54","date_gmt":"2021-03-08T21:24:54","guid":{"rendered":"https:\/\/fondationcab.com\/?page_id=5311"},"modified":"2025-07-11T17:31:40","modified_gmt":"2025-07-11T15:31:40","slug":"fondation-cab-saint-paul-de-vence","status":"publish","type":"page","link":"https:\/\/fondationcab.com\/fr\/fondation-cab-saint-paul-de-vence","title":{"rendered":"Fondation CAB Saint-Paul de Vence"},"content":{"rendered":"<p>Enti\u00e8rement r\u00e9nov\u00e9e par Charles Zana, architecte et d\u00e9corateur d\u2019int\u00e9rieur fran\u00e7ais, la Fondation CAB Saint-Paul de Vence dispose de plusieurs espaces d\u2019exposition, d\u2019une librairie-boutique et d\u2019un restaurant. Cern\u00e9e d\u2019un jardin arbor\u00e9 avec vue sur le cap d\u2019Antibes, quatre chambres d\u2019h\u00f4tes uniques ainsi qu\u2019une maison d\u00e9montable Jean Prouv\u00e9 viennent compl\u00e9ter l\u2019exp\u00e9rience offerte aux visiteurs.<\/p>\n<p>Saint-Paul de Vence,\u00a0dont on ne pr\u00e9sente plus la renomm\u00e9e mondiale, connue pour la <strong>Fondation<\/strong> <strong>Marguerite et Aim\u00e9 Maeght<\/strong> qui abrite l\u2019une des plus importantes collections d\u2019art moderne au monde, est un lieu id\u00e9al pour mettre en valeur une collection priv\u00e9e et partager avec un public aussi large que possible cette passion pour l\u2019art minimal.<\/p>\n<p>\u00c0 travers sa programmation sur mesure, la Fondation CAB Saint-Paul de Vence ambitionne de devenir un acteur majeur dans le circuit d\u2019art moderne et contemporain de la r\u00e9gion, pris\u00e9 des collectionneurs et amateurs d\u2019art, comprenant entre autres la <strong>Fondation Venet, le Domaine du Muy, la Commanderie de Peyrassol, le Ch\u00e2teau La Coste, la Villa Noailles, <\/strong>ou encore<strong> la Fondation Carmignac<\/strong>. La Fondation CAB Saint-Paul de Vence a pour mission de contribuer au rayonnement culturel et \u00e9conomique local et international du village.<\/p>\n","protected":false},"excerpt":{"rendered":"<p>Enti\u00e8rement r\u00e9nov\u00e9e par Charles Zana, architecte et d\u00e9corateur d\u2019int\u00e9rieur fran\u00e7ais, la Fondation CAB Saint-Paul de Vence dispose de plusieurs espaces d\u2019exposition, d\u2019une librairie-boutique et d\u2019un restaurant. Cern\u00e9e d\u2019un jardin arbor\u00e9 avec vue sur le cap d\u2019Antibes, quatre chambres d\u2019h\u00f4tes uniques ainsi qu\u2019une maison d\u00e9montable Jean Prouv\u00e9 viennent compl\u00e9ter l\u2019exp\u00e9rience offerte aux visiteurs. Saint-Paul de Vence,\u00a0dont&nbsp; <a href=\"https:\/\/fondationcab.com\/fr\/fondation-cab-saint-paul-de-vence\">&hellip; Read more <i class=\"glyphicon glyphicon-arrow-right\"><\/i><\/a><\/p>\n","protected":false},"author":1,"featured_media":7049,"parent":0,"menu_order":20,"comment_status":"closed","ping_status":"closed","template":"about.php","meta":{"_acf_changed":false,"footnotes":""},"class_list":["post-5311","page","type-page","status-publish","has-post-thumbnail","hentry"],"acf":[],"yoast_head":"<!-- This site is optimized with the Yoast SEO plugin v27.4 - https:\/\/yoast.com\/product\/yoast-seo-wordpress\/ -->\n<title>Fondation CAB Saint-Paul de Vence - FONDATION CAB<\/title>\n<meta name=\"robots\" content=\"index, follow, max-snippet:-1, max-image-preview:large, max-video-preview:-1\" \/>\n<link rel=\"canonical\" href=\"https:\/\/fondationcab.com\/fr\/fondation-cab-saint-paul-de-vence\" \/>\n<meta property=\"og:locale\" content=\"fr_FR\" \/>\n<meta property=\"og:type\" content=\"article\" \/>\n<meta property=\"og:title\" content=\"Fondation CAB Saint-Paul de Vence - FONDATION CAB\" \/>\n<meta property=\"og:description\" content=\"Enti\u00e8rement r\u00e9nov\u00e9e par Charles Zana, architecte et d\u00e9corateur d\u2019int\u00e9rieur fran\u00e7ais, la Fondation CAB Saint-Paul de Vence dispose de plusieurs espaces d\u2019exposition, d\u2019une librairie-boutique et d\u2019un restaurant. Cern\u00e9e d\u2019un jardin arbor\u00e9 avec vue sur le cap d\u2019Antibes, quatre chambres d\u2019h\u00f4tes uniques ainsi qu\u2019une maison d\u00e9montable Jean Prouv\u00e9 viennent compl\u00e9ter l\u2019exp\u00e9rience offerte aux visiteurs. Saint-Paul de Vence,\u00a0dont&nbsp; &hellip; Read more\" \/>\n<meta property=\"og:url\" content=\"https:\/\/fondationcab.com\/fr\/fondation-cab-saint-paul-de-vence\" \/>\n<meta property=\"og:site_name\" content=\"FONDATION CAB\" \/>\n<meta property=\"article:publisher\" content=\"https:\/\/www.facebook.com\/CABContemporaryArt\/\" \/>\n<meta property=\"article:modified_time\" content=\"2025-07-11T15:31:40+00:00\" \/>\n<meta property=\"og:image\" content=\"https:\/\/fondationcab.com\/wp-content\/uploads\/2021\/06\/LI_9293-scaled.jpg\" \/>\n\t<meta property=\"og:image:width\" content=\"2560\" \/>\n\t<meta property=\"og:image:height\" content=\"1661\" \/>\n\t<meta property=\"og:image:type\" content=\"image\/jpeg\" \/>\n<meta name=\"twitter:card\" content=\"summary_large_image\" \/>\n<meta name=\"twitter:label1\" content=\"Dur\u00e9e de lecture estim\u00e9e\" \/>\n\t<meta name=\"twitter:data1\" content=\"3 minutes\" \/>\n<script type=\"application\/ld+json\" class=\"yoast-schema-graph\">{\"@context\":\"https:\\\/\\\/schema.org\",\"@graph\":[{\"@type\":\"WebPage\",\"@id\":\"https:\\\/\\\/fondationcab.com\\\/fr\\\/fondation-cab-saint-paul-de-vence\",\"url\":\"https:\\\/\\\/fondationcab.com\\\/fr\\\/fondation-cab-saint-paul-de-vence\",\"name\":\"Fondation CAB Saint-Paul de Vence - FONDATION CAB\",\"isPartOf\":{\"@id\":\"https:\\\/\\\/fondationcab.com\\\/fr#website\"},\"primaryImageOfPage\":{\"@id\":\"https:\\\/\\\/fondationcab.com\\\/fr\\\/fondation-cab-saint-paul-de-vence#primaryimage\"},\"image\":{\"@id\":\"https:\\\/\\\/fondationcab.com\\\/fr\\\/fondation-cab-saint-paul-de-vence#primaryimage\"},\"thumbnailUrl\":\"https:\\\/\\\/fondationcab.com\\\/wp-content\\\/uploads\\\/2021\\\/06\\\/LI_9293-scaled.jpg\",\"datePublished\":\"2021-03-08T21:24:54+00:00\",\"dateModified\":\"2025-07-11T15:31:40+00:00\",\"breadcrumb\":{\"@id\":\"https:\\\/\\\/fondationcab.com\\\/fr\\\/fondation-cab-saint-paul-de-vence#breadcrumb\"},\"inLanguage\":\"fr-FR\",\"potentialAction\":[{\"@type\":\"ReadAction\",\"target\":[\"https:\\\/\\\/fondationcab.com\\\/fr\\\/fondation-cab-saint-paul-de-vence\"]}]},{\"@type\":\"ImageObject\",\"inLanguage\":\"fr-FR\",\"@id\":\"https:\\\/\\\/fondationcab.com\\\/fr\\\/fondation-cab-saint-paul-de-vence#primaryimage\",\"url\":\"https:\\\/\\\/fondationcab.com\\\/wp-content\\\/uploads\\\/2021\\\/06\\\/LI_9293-scaled.jpg\",\"contentUrl\":\"https:\\\/\\\/fondationcab.com\\\/wp-content\\\/uploads\\\/2021\\\/06\\\/LI_9293-scaled.jpg\",\"width\":2560,\"height\":1661},{\"@type\":\"BreadcrumbList\",\"@id\":\"https:\\\/\\\/fondationcab.com\\\/fr\\\/fondation-cab-saint-paul-de-vence#breadcrumb\",\"itemListElement\":[{\"@type\":\"ListItem\",\"position\":1,\"name\":\"Home\",\"item\":\"https:\\\/\\\/fondationcab.com\\\/fr\"},{\"@type\":\"ListItem\",\"position\":2,\"name\":\"Fondation CAB Saint-Paul de Vence\"}]},{\"@type\":\"WebSite\",\"@id\":\"https:\\\/\\\/fondationcab.com\\\/fr#website\",\"url\":\"https:\\\/\\\/fondationcab.com\\\/fr\",\"name\":\"FONDATION CAB\",\"description\":\"ART CENTER BRUSSELS\",\"publisher\":{\"@id\":\"https:\\\/\\\/fondationcab.com\\\/fr#organization\"},\"potentialAction\":[{\"@type\":\"SearchAction\",\"target\":{\"@type\":\"EntryPoint\",\"urlTemplate\":\"https:\\\/\\\/fondationcab.com\\\/fr?s={search_term_string}\"},\"query-input\":{\"@type\":\"PropertyValueSpecification\",\"valueRequired\":true,\"valueName\":\"search_term_string\"}}],\"inLanguage\":\"fr-FR\"},{\"@type\":\"Organization\",\"@id\":\"https:\\\/\\\/fondationcab.com\\\/fr#organization\",\"name\":\"Fondation CAB\",\"url\":\"https:\\\/\\\/fondationcab.com\\\/fr\",\"logo\":{\"@type\":\"ImageObject\",\"inLanguage\":\"fr-FR\",\"@id\":\"https:\\\/\\\/fondationcab.com\\\/fr#\\\/schema\\\/logo\\\/image\\\/\",\"url\":\"https:\\\/\\\/cab.storycoding.agency\\\/wp-content\\\/uploads\\\/2018\\\/03\\\/fondation_cab_logo.jpg\",\"contentUrl\":\"https:\\\/\\\/cab.storycoding.agency\\\/wp-content\\\/uploads\\\/2018\\\/03\\\/fondation_cab_logo.jpg\",\"width\":250,\"height\":125,\"caption\":\"Fondation CAB\"},\"image\":{\"@id\":\"https:\\\/\\\/fondationcab.com\\\/fr#\\\/schema\\\/logo\\\/image\\\/\"},\"sameAs\":[\"https:\\\/\\\/www.facebook.com\\\/CABContemporaryArt\\\/\",\"https:\\\/\\\/www.instagram.com\\\/fondation_cab\\\/\",\"https:\\\/\\\/www.youtube.com\\\/channel\\\/UC4BG_XNA2Sn1VGimzwU60Aw\"]}]}<\/script>\n<!-- \/ Yoast SEO plugin. -->","yoast_head_json":{"title":"Fondation CAB Saint-Paul de Vence - FONDATION CAB","robots":{"index":"index","follow":"follow","max-snippet":"max-snippet:-1","max-image-preview":"max-image-preview:large","max-video-preview":"max-video-preview:-1"},"canonical":"https:\/\/fondationcab.com\/fr\/fondation-cab-saint-paul-de-vence","og_locale":"fr_FR","og_type":"article","og_title":"Fondation CAB Saint-Paul de Vence - FONDATION CAB","og_description":"Enti\u00e8rement r\u00e9nov\u00e9e par Charles Zana, architecte et d\u00e9corateur d\u2019int\u00e9rieur fran\u00e7ais, la Fondation CAB Saint-Paul de Vence dispose de plusieurs espaces d\u2019exposition, d\u2019une librairie-boutique et d\u2019un restaurant. Cern\u00e9e d\u2019un jardin arbor\u00e9 avec vue sur le cap d\u2019Antibes, quatre chambres d\u2019h\u00f4tes uniques ainsi qu\u2019une maison d\u00e9montable Jean Prouv\u00e9 viennent compl\u00e9ter l\u2019exp\u00e9rience offerte aux visiteurs. Saint-Paul de Vence,\u00a0dont&nbsp; &hellip; Read more","og_url":"https:\/\/fondationcab.com\/fr\/fondation-cab-saint-paul-de-vence","og_site_name":"FONDATION CAB","article_publisher":"https:\/\/www.facebook.com\/CABContemporaryArt\/","article_modified_time":"2025-07-11T15:31:40+00:00","og_image":[{"width":2560,"height":1661,"url":"https:\/\/fondationcab.com\/wp-content\/uploads\/2021\/06\/LI_9293-scaled.jpg","type":"image\/jpeg"}],"twitter_card":"summary_large_image","twitter_misc":{"Dur\u00e9e de lecture estim\u00e9e":"3 minutes"},"schema":{"@context":"https:\/\/schema.org","@graph":[{"@type":"WebPage","@id":"https:\/\/fondationcab.com\/fr\/fondation-cab-saint-paul-de-vence","url":"https:\/\/fondationcab.com\/fr\/fondation-cab-saint-paul-de-vence","name":"Fondation CAB Saint-Paul de Vence - FONDATION CAB","isPartOf":{"@id":"https:\/\/fondationcab.com\/fr#website"},"primaryImageOfPage":{"@id":"https:\/\/fondationcab.com\/fr\/fondation-cab-saint-paul-de-vence#primaryimage"},"image":{"@id":"https:\/\/fondationcab.com\/fr\/fondation-cab-saint-paul-de-vence#primaryimage"},"thumbnailUrl":"https:\/\/fondationcab.com\/wp-content\/uploads\/2021\/06\/LI_9293-scaled.jpg","datePublished":"2021-03-08T21:24:54+00:00","dateModified":"2025-07-11T15:31:40+00:00","breadcrumb":{"@id":"https:\/\/fondationcab.com\/fr\/fondation-cab-saint-paul-de-vence#breadcrumb"},"inLanguage":"fr-FR","potentialAction":[{"@type":"ReadAction","target":["https:\/\/fondationcab.com\/fr\/fondation-cab-saint-paul-de-vence"]}]},{"@type":"ImageObject","inLanguage":"fr-FR","@id":"https:\/\/fondationcab.com\/fr\/fondation-cab-saint-paul-de-vence#primaryimage","url":"https:\/\/fondationcab.com\/wp-content\/uploads\/2021\/06\/LI_9293-scaled.jpg","contentUrl":"https:\/\/fondationcab.com\/wp-content\/uploads\/2021\/06\/LI_9293-scaled.jpg","width":2560,"height":1661},{"@type":"BreadcrumbList","@id":"https:\/\/fondationcab.com\/fr\/fondation-cab-saint-paul-de-vence#breadcrumb","itemListElement":[{"@type":"ListItem","position":1,"name":"Home","item":"https:\/\/fondationcab.com\/fr"},{"@type":"ListItem","position":2,"name":"Fondation CAB Saint-Paul de Vence"}]},{"@type":"WebSite","@id":"https:\/\/fondationcab.com\/fr#website","url":"https:\/\/fondationcab.com\/fr","name":"FONDATION CAB","description":"ART CENTER BRUSSELS","publisher":{"@id":"https:\/\/fondationcab.com\/fr#organization"},"potentialAction":[{"@type":"SearchAction","target":{"@type":"EntryPoint","urlTemplate":"https:\/\/fondationcab.com\/fr?s={search_term_string}"},"query-input":{"@type":"PropertyValueSpecification","valueRequired":true,"valueName":"search_term_string"}}],"inLanguage":"fr-FR"},{"@type":"Organization","@id":"https:\/\/fondationcab.com\/fr#organization","name":"Fondation CAB","url":"https:\/\/fondationcab.com\/fr","logo":{"@type":"ImageObject","inLanguage":"fr-FR","@id":"https:\/\/fondationcab.com\/fr#\/schema\/logo\/image\/","url":"https:\/\/cab.storycoding.agency\/wp-content\/uploads\/2018\/03\/fondation_cab_logo.jpg","contentUrl":"https:\/\/cab.storycoding.agency\/wp-content\/uploads\/2018\/03\/fondation_cab_logo.jpg","width":250,"height":125,"caption":"Fondation CAB"},"image":{"@id":"https:\/\/fondationcab.com\/fr#\/schema\/logo\/image\/"},"sameAs":["https:\/\/www.facebook.com\/CABContemporaryArt\/","https:\/\/www.instagram.com\/fondation_cab\/","https:\/\/www.youtube.com\/channel\/UC4BG_XNA2Sn1VGimzwU60Aw"]}]}},"_links":{"self":[{"href":"https:\/\/fondationcab.com\/fr\/wp-json\/wp\/v2\/pages\/5311","targetHints":{"allow":["GET"]}}],"collection":[{"href":"https:\/\/fondationcab.com\/fr\/wp-json\/wp\/v2\/pages"}],"about":[{"href":"https:\/\/fondationcab.com\/fr\/wp-json\/wp\/v2\/types\/page"}],"author":[{"embeddable":true,"href":"https:\/\/fondationcab.com\/fr\/wp-json\/wp\/v2\/users\/1"}],"replies":[{"embeddable":true,"href":"https:\/\/fondationcab.com\/fr\/wp-json\/wp\/v2\/comments?post=5311"}],"version-history":[{"count":23,"href":"https:\/\/fondationcab.com\/fr\/wp-json\/wp\/v2\/pages\/5311\/revisions"}],"predecessor-version":[{"id":15621,"href":"https:\/\/fondationcab.com\/fr\/wp-json\/wp\/v2\/pages\/5311\/revisions\/15621"}],"wp:featuredmedia":[{"embeddable":true,"href":"https:\/\/fondationcab.com\/fr\/wp-json\/wp\/v2\/media\/7049"}],"wp:attachment":[{"href":"https:\/\/fondationcab.com\/fr\/wp-json\/wp\/v2\/media?parent=5311"}],"curies":[{"name":"wp","href":"https:\/\/api.w.org\/{rel}","templated":true}]}}