{"id":6955,"date":"2021-05-31T23:50:38","date_gmt":"2021-05-31T21:50:38","guid":{"rendered":"https:\/\/fondationcab.com\/wip-guest-rooms-saint-paul-de-vence-be-our-guest"},"modified":"2025-01-14T22:09:53","modified_gmt":"2025-01-14T20:09:53","slug":"chambres-dhotes-saint-paul-de-vence","status":"publish","type":"page","link":"https:\/\/fondationcab.com\/fr\/chambres-dhotes-saint-paul-de-vence","title":{"rendered":"Chambres d\u2019h\u00f4tes Saint-Paul de Vence"},"content":{"rendered":"<p>Les quatre chambres d\u2019h\u00f4tes de la Fondation CAB ont \u00e9t\u00e9 repens\u00e9es par l\u2019architecte et designer Charles Zana afin d\u2019offrir \u00e0 chacun de nos h\u00f4tes une exp\u00e9rience unique. Alliant simplicit\u00e9 et sophistication, elles s\u2019int\u00e8grent harmonieusement \u00e0 l\u2019omnipr\u00e9sence de l\u2019art dans le jardin environnant.<\/p>\n<p>En hiver, seules les chambres sont disponibles \u00e0 la location, tandis que la Fondation et le restaurant restent ferm\u00e9s.<\/p>\n<p><img loading=\"lazy\" decoding=\"async\" class=\"alignnone wp-image-7040\" src=\"https:\/\/fondationcab.com\/wp-content\/uploads\/2021\/05\/71348309-b288-4ffa-8dd2-df0b7d62ac2d-450x300.jpeg\" alt=\"\" width=\"322\" height=\"214\" srcset=\"https:\/\/fondationcab.com\/wp-content\/uploads\/2021\/05\/71348309-b288-4ffa-8dd2-df0b7d62ac2d-450x300.jpeg 450w, https:\/\/fondationcab.com\/wp-content\/uploads\/2021\/05\/71348309-b288-4ffa-8dd2-df0b7d62ac2d-970x647.jpeg 970w, https:\/\/fondationcab.com\/wp-content\/uploads\/2021\/05\/71348309-b288-4ffa-8dd2-df0b7d62ac2d-768x512.jpeg 768w, https:\/\/fondationcab.com\/wp-content\/uploads\/2021\/05\/71348309-b288-4ffa-8dd2-df0b7d62ac2d-830x553.jpeg 830w, https:\/\/fondationcab.com\/wp-content\/uploads\/2021\/05\/71348309-b288-4ffa-8dd2-df0b7d62ac2d-400x267.jpeg 400w, https:\/\/fondationcab.com\/wp-content\/uploads\/2021\/05\/71348309-b288-4ffa-8dd2-df0b7d62ac2d-600x400.jpeg 600w, https:\/\/fondationcab.com\/wp-content\/uploads\/2021\/05\/71348309-b288-4ffa-8dd2-df0b7d62ac2d.jpeg 1200w\" sizes=\"auto, (max-width: 322px) 100vw, 322px\" \/><\/p>\n","protected":false},"excerpt":{"rendered":"<p>Les quatre chambres d\u2019h\u00f4tes de la Fondation CAB ont \u00e9t\u00e9 repens\u00e9es par l\u2019architecte et designer Charles Zana afin d\u2019offrir \u00e0 chacun de nos h\u00f4tes une exp\u00e9rience unique. Alliant simplicit\u00e9 et sophistication, elles s\u2019int\u00e8grent harmonieusement \u00e0 l\u2019omnipr\u00e9sence de l\u2019art dans le jardin environnant. En hiver, seules les chambres sont disponibles \u00e0 la location, tandis que la&nbsp; <a href=\"https:\/\/fondationcab.com\/fr\/chambres-dhotes-saint-paul-de-vence\">&hellip; Read more <i class=\"glyphicon glyphicon-arrow-right\"><\/i><\/a><\/p>\n","protected":false},"author":1,"featured_media":11778,"parent":0,"menu_order":0,"comment_status":"closed","ping_status":"closed","template":"rooms.php","meta":{"_acf_changed":false,"footnotes":""},"class_list":["post-6955","page","type-page","status-publish","has-post-thumbnail","hentry"],"acf":[],"yoast_head":"<!-- This site is optimized with the Yoast SEO plugin v27.4 - https:\/\/yoast.com\/product\/yoast-seo-wordpress\/ -->\n<title>Chambres d\u2019h\u00f4tes Saint-Paul de Vence - FONDATION CAB<\/title>\n<meta name=\"description\" content=\"S\u00e9journez \u00e0 la Fondation CAB\u00a0: profitez de la simplicit\u00e9 et de la sophistication dans les chambres ou dans l&#039;embl\u00e9matique maison Prouv\u00e9.\" \/>\n<meta name=\"robots\" content=\"index, follow, max-snippet:-1, max-image-preview:large, max-video-preview:-1\" \/>\n<link rel=\"canonical\" href=\"https:\/\/fondationcab.com\/fr\/chambres-dhotes-saint-paul-de-vence\" \/>\n<meta property=\"og:locale\" content=\"fr_FR\" \/>\n<meta property=\"og:type\" content=\"article\" \/>\n<meta property=\"og:title\" content=\"Chambres d\u2019h\u00f4tes Saint-Paul de Vence - FONDATION CAB\" \/>\n<meta property=\"og:description\" content=\"S\u00e9journez \u00e0 la Fondation CAB\u00a0: profitez de la simplicit\u00e9 et de la sophistication dans les chambres ou dans l&#039;embl\u00e9matique maison Prouv\u00e9.\" \/>\n<meta property=\"og:url\" content=\"https:\/\/fondationcab.com\/fr\/chambres-dhotes-saint-paul-de-vence\" \/>\n<meta property=\"og:site_name\" content=\"FONDATION CAB\" \/>\n<meta property=\"article:publisher\" content=\"https:\/\/www.facebook.com\/CABContemporaryArt\/\" \/>\n<meta property=\"article:modified_time\" content=\"2025-01-14T20:09:53+00:00\" \/>\n<meta property=\"og:image\" content=\"https:\/\/fondationcab.com\/wp-content\/uploads\/2023\/05\/LI_8886.jpg\" \/>\n\t<meta property=\"og:image:width\" content=\"2000\" \/>\n\t<meta property=\"og:image:height\" content=\"1333\" \/>\n\t<meta property=\"og:image:type\" content=\"image\/jpeg\" \/>\n<meta name=\"twitter:card\" content=\"summary_large_image\" \/>\n<meta name=\"twitter:label1\" content=\"Dur\u00e9e de lecture estim\u00e9e\" \/>\n\t<meta name=\"twitter:data1\" content=\"1 minute\" \/>\n<script type=\"application\/ld+json\" class=\"yoast-schema-graph\">{\"@context\":\"https:\\\/\\\/schema.org\",\"@graph\":[{\"@type\":\"WebPage\",\"@id\":\"https:\\\/\\\/fondationcab.com\\\/fr\\\/chambres-dhotes-saint-paul-de-vence\",\"url\":\"https:\\\/\\\/fondationcab.com\\\/fr\\\/chambres-dhotes-saint-paul-de-vence\",\"name\":\"Chambres d\u2019h\u00f4tes Saint-Paul de Vence - FONDATION CAB\",\"isPartOf\":{\"@id\":\"https:\\\/\\\/fondationcab.com\\\/fr#website\"},\"primaryImageOfPage\":{\"@id\":\"https:\\\/\\\/fondationcab.com\\\/fr\\\/chambres-dhotes-saint-paul-de-vence#primaryimage\"},\"image\":{\"@id\":\"https:\\\/\\\/fondationcab.com\\\/fr\\\/chambres-dhotes-saint-paul-de-vence#primaryimage\"},\"thumbnailUrl\":\"https:\\\/\\\/fondationcab.com\\\/wp-content\\\/uploads\\\/2023\\\/05\\\/LI_8886.jpg\",\"datePublished\":\"2021-05-31T21:50:38+00:00\",\"dateModified\":\"2025-01-14T20:09:53+00:00\",\"description\":\"S\u00e9journez \u00e0 la Fondation CAB\u00a0: profitez de la simplicit\u00e9 et de la sophistication dans les chambres ou dans l'embl\u00e9matique maison Prouv\u00e9.\",\"breadcrumb\":{\"@id\":\"https:\\\/\\\/fondationcab.com\\\/fr\\\/chambres-dhotes-saint-paul-de-vence#breadcrumb\"},\"inLanguage\":\"fr-FR\",\"potentialAction\":[{\"@type\":\"ReadAction\",\"target\":[\"https:\\\/\\\/fondationcab.com\\\/fr\\\/chambres-dhotes-saint-paul-de-vence\"]}]},{\"@type\":\"ImageObject\",\"inLanguage\":\"fr-FR\",\"@id\":\"https:\\\/\\\/fondationcab.com\\\/fr\\\/chambres-dhotes-saint-paul-de-vence#primaryimage\",\"url\":\"https:\\\/\\\/fondationcab.com\\\/wp-content\\\/uploads\\\/2023\\\/05\\\/LI_8886.jpg\",\"contentUrl\":\"https:\\\/\\\/fondationcab.com\\\/wp-content\\\/uploads\\\/2023\\\/05\\\/LI_8886.jpg\",\"width\":2000,\"height\":1333},{\"@type\":\"BreadcrumbList\",\"@id\":\"https:\\\/\\\/fondationcab.com\\\/fr\\\/chambres-dhotes-saint-paul-de-vence#breadcrumb\",\"itemListElement\":[{\"@type\":\"ListItem\",\"position\":1,\"name\":\"Home\",\"item\":\"https:\\\/\\\/fondationcab.com\\\/fr\"},{\"@type\":\"ListItem\",\"position\":2,\"name\":\"Chambres d\u2019h\u00f4tes Saint-Paul de Vence\"}]},{\"@type\":\"WebSite\",\"@id\":\"https:\\\/\\\/fondationcab.com\\\/fr#website\",\"url\":\"https:\\\/\\\/fondationcab.com\\\/fr\",\"name\":\"FONDATION CAB\",\"description\":\"ART CENTER BRUSSELS\",\"publisher\":{\"@id\":\"https:\\\/\\\/fondationcab.com\\\/fr#organization\"},\"potentialAction\":[{\"@type\":\"SearchAction\",\"target\":{\"@type\":\"EntryPoint\",\"urlTemplate\":\"https:\\\/\\\/fondationcab.com\\\/fr?s={search_term_string}\"},\"query-input\":{\"@type\":\"PropertyValueSpecification\",\"valueRequired\":true,\"valueName\":\"search_term_string\"}}],\"inLanguage\":\"fr-FR\"},{\"@type\":\"Organization\",\"@id\":\"https:\\\/\\\/fondationcab.com\\\/fr#organization\",\"name\":\"Fondation CAB\",\"url\":\"https:\\\/\\\/fondationcab.com\\\/fr\",\"logo\":{\"@type\":\"ImageObject\",\"inLanguage\":\"fr-FR\",\"@id\":\"https:\\\/\\\/fondationcab.com\\\/fr#\\\/schema\\\/logo\\\/image\\\/\",\"url\":\"https:\\\/\\\/cab.storycoding.agency\\\/wp-content\\\/uploads\\\/2018\\\/03\\\/fondation_cab_logo.jpg\",\"contentUrl\":\"https:\\\/\\\/cab.storycoding.agency\\\/wp-content\\\/uploads\\\/2018\\\/03\\\/fondation_cab_logo.jpg\",\"width\":250,\"height\":125,\"caption\":\"Fondation CAB\"},\"image\":{\"@id\":\"https:\\\/\\\/fondationcab.com\\\/fr#\\\/schema\\\/logo\\\/image\\\/\"},\"sameAs\":[\"https:\\\/\\\/www.facebook.com\\\/CABContemporaryArt\\\/\",\"https:\\\/\\\/www.instagram.com\\\/fondation_cab\\\/\",\"https:\\\/\\\/www.youtube.com\\\/channel\\\/UC4BG_XNA2Sn1VGimzwU60Aw\"]}]}<\/script>\n<!-- \/ Yoast SEO plugin. -->","yoast_head_json":{"title":"Chambres d\u2019h\u00f4tes Saint-Paul de Vence - FONDATION CAB","description":"S\u00e9journez \u00e0 la Fondation CAB\u00a0: profitez de la simplicit\u00e9 et de la sophistication dans les chambres ou dans l'embl\u00e9matique maison Prouv\u00e9.","robots":{"index":"index","follow":"follow","max-snippet":"max-snippet:-1","max-image-preview":"max-image-preview:large","max-video-preview":"max-video-preview:-1"},"canonical":"https:\/\/fondationcab.com\/fr\/chambres-dhotes-saint-paul-de-vence","og_locale":"fr_FR","og_type":"article","og_title":"Chambres d\u2019h\u00f4tes Saint-Paul de Vence - FONDATION CAB","og_description":"S\u00e9journez \u00e0 la Fondation CAB\u00a0: profitez de la simplicit\u00e9 et de la sophistication dans les chambres ou dans l'embl\u00e9matique maison Prouv\u00e9.","og_url":"https:\/\/fondationcab.com\/fr\/chambres-dhotes-saint-paul-de-vence","og_site_name":"FONDATION CAB","article_publisher":"https:\/\/www.facebook.com\/CABContemporaryArt\/","article_modified_time":"2025-01-14T20:09:53+00:00","og_image":[{"width":2000,"height":1333,"url":"https:\/\/fondationcab.com\/wp-content\/uploads\/2023\/05\/LI_8886.jpg","type":"image\/jpeg"}],"twitter_card":"summary_large_image","twitter_misc":{"Dur\u00e9e de lecture estim\u00e9e":"1 minute"},"schema":{"@context":"https:\/\/schema.org","@graph":[{"@type":"WebPage","@id":"https:\/\/fondationcab.com\/fr\/chambres-dhotes-saint-paul-de-vence","url":"https:\/\/fondationcab.com\/fr\/chambres-dhotes-saint-paul-de-vence","name":"Chambres d\u2019h\u00f4tes Saint-Paul de Vence - FONDATION CAB","isPartOf":{"@id":"https:\/\/fondationcab.com\/fr#website"},"primaryImageOfPage":{"@id":"https:\/\/fondationcab.com\/fr\/chambres-dhotes-saint-paul-de-vence#primaryimage"},"image":{"@id":"https:\/\/fondationcab.com\/fr\/chambres-dhotes-saint-paul-de-vence#primaryimage"},"thumbnailUrl":"https:\/\/fondationcab.com\/wp-content\/uploads\/2023\/05\/LI_8886.jpg","datePublished":"2021-05-31T21:50:38+00:00","dateModified":"2025-01-14T20:09:53+00:00","description":"S\u00e9journez \u00e0 la Fondation CAB\u00a0: profitez de la simplicit\u00e9 et de la sophistication dans les chambres ou dans l'embl\u00e9matique maison Prouv\u00e9.","breadcrumb":{"@id":"https:\/\/fondationcab.com\/fr\/chambres-dhotes-saint-paul-de-vence#breadcrumb"},"inLanguage":"fr-FR","potentialAction":[{"@type":"ReadAction","target":["https:\/\/fondationcab.com\/fr\/chambres-dhotes-saint-paul-de-vence"]}]},{"@type":"ImageObject","inLanguage":"fr-FR","@id":"https:\/\/fondationcab.com\/fr\/chambres-dhotes-saint-paul-de-vence#primaryimage","url":"https:\/\/fondationcab.com\/wp-content\/uploads\/2023\/05\/LI_8886.jpg","contentUrl":"https:\/\/fondationcab.com\/wp-content\/uploads\/2023\/05\/LI_8886.jpg","width":2000,"height":1333},{"@type":"BreadcrumbList","@id":"https:\/\/fondationcab.com\/fr\/chambres-dhotes-saint-paul-de-vence#breadcrumb","itemListElement":[{"@type":"ListItem","position":1,"name":"Home","item":"https:\/\/fondationcab.com\/fr"},{"@type":"ListItem","position":2,"name":"Chambres d\u2019h\u00f4tes Saint-Paul de Vence"}]},{"@type":"WebSite","@id":"https:\/\/fondationcab.com\/fr#website","url":"https:\/\/fondationcab.com\/fr","name":"FONDATION CAB","description":"ART CENTER BRUSSELS","publisher":{"@id":"https:\/\/fondationcab.com\/fr#organization"},"potentialAction":[{"@type":"SearchAction","target":{"@type":"EntryPoint","urlTemplate":"https:\/\/fondationcab.com\/fr?s={search_term_string}"},"query-input":{"@type":"PropertyValueSpecification","valueRequired":true,"valueName":"search_term_string"}}],"inLanguage":"fr-FR"},{"@type":"Organization","@id":"https:\/\/fondationcab.com\/fr#organization","name":"Fondation CAB","url":"https:\/\/fondationcab.com\/fr","logo":{"@type":"ImageObject","inLanguage":"fr-FR","@id":"https:\/\/fondationcab.com\/fr#\/schema\/logo\/image\/","url":"https:\/\/cab.storycoding.agency\/wp-content\/uploads\/2018\/03\/fondation_cab_logo.jpg","contentUrl":"https:\/\/cab.storycoding.agency\/wp-content\/uploads\/2018\/03\/fondation_cab_logo.jpg","width":250,"height":125,"caption":"Fondation CAB"},"image":{"@id":"https:\/\/fondationcab.com\/fr#\/schema\/logo\/image\/"},"sameAs":["https:\/\/www.facebook.com\/CABContemporaryArt\/","https:\/\/www.instagram.com\/fondation_cab\/","https:\/\/www.youtube.com\/channel\/UC4BG_XNA2Sn1VGimzwU60Aw"]}]}},"_links":{"self":[{"href":"https:\/\/fondationcab.com\/fr\/wp-json\/wp\/v2\/pages\/6955","targetHints":{"allow":["GET"]}}],"collection":[{"href":"https:\/\/fondationcab.com\/fr\/wp-json\/wp\/v2\/pages"}],"about":[{"href":"https:\/\/fondationcab.com\/fr\/wp-json\/wp\/v2\/types\/page"}],"author":[{"embeddable":true,"href":"https:\/\/fondationcab.com\/fr\/wp-json\/wp\/v2\/users\/1"}],"replies":[{"embeddable":true,"href":"https:\/\/fondationcab.com\/fr\/wp-json\/wp\/v2\/comments?post=6955"}],"version-history":[{"count":14,"href":"https:\/\/fondationcab.com\/fr\/wp-json\/wp\/v2\/pages\/6955\/revisions"}],"predecessor-version":[{"id":14695,"href":"https:\/\/fondationcab.com\/fr\/wp-json\/wp\/v2\/pages\/6955\/revisions\/14695"}],"wp:featuredmedia":[{"embeddable":true,"href":"https:\/\/fondationcab.com\/fr\/wp-json\/wp\/v2\/media\/11778"}],"wp:attachment":[{"href":"https:\/\/fondationcab.com\/fr\/wp-json\/wp\/v2\/media?parent=6955"}],"curies":[{"name":"wp","href":"https:\/\/api.w.org\/{rel}","templated":true}]}}