{"id":8440,"date":"2022-02-20T02:34:39","date_gmt":"2022-02-20T00:34:39","guid":{"rendered":"https:\/\/fondationcab.com\/?page_id=8440"},"modified":"2026-04-15T17:08:34","modified_gmt":"2026-04-15T15:08:34","slug":"restaurant","status":"publish","type":"page","link":"https:\/\/fondationcab.com\/fr\/restaurant","title":{"rendered":"Restaurant Saint-Paul de Vence"},"content":{"rendered":"<p>C\u2019est au sein m\u00eame de la Fondation CAB que le caf\u00e9-restaurant SOL invite ses convives \u00e0 d\u00e9couvrir une carte savoureuse. Le menu sobre et \u00e9pur\u00e9 met en avant des produits de saison locaux.<br \/>\nC\u2019est sous la fra\u00eecheur des orangers et des citronniers que nos h\u00f4tes se ressourcent. L\u2019art minimal et le design sign\u00e9 Charlotte Perriand se fondent dans un d\u00e9cor emprunt de nature et de s\u00e9r\u00e9nit\u00e9.<\/p>\n<p data-start=\"0\" data-end=\"149\"><strong>Le caf\u00e9-restaurant est ouvert<\/strong><br data-start=\"29\" data-end=\"32\" \/>de mars \u00e0 fin avril de 8h30 \u00e0 15h<br data-start=\"65\" data-end=\"68\" \/>de mai \u00e0 fin septembre de 8h30 \u00e0 18h\u00a0<br data-start=\"120\" data-end=\"123\" \/>en octobre de 8h30 \u00e0 15h<\/p>\n<p data-start=\"151\" data-end=\"186\" data-is-last-node=\"\" data-is-only-node=\"\"><strong>Ferm\u00e9 le dimanche soir et le lundi.<\/strong><\/p>\n<p>Pour toute demande de privatisation, merci de contacter :<br \/>\n+33 4 921 124 50<br \/>\n\/contact.sol.fondationcab@gmail.com<br \/>\n\/spv@fondationcab.com<\/p>\n<p><a href=\"https:\/\/www.instagram.com\/sol_saint_paul06\/\">https:\/\/www.instagram.com\/sol_saint_paul06\/<\/a><\/p>\n<h4><\/h4>\n<p><strong>ACCES :<br \/>\n343 chemin des Gardettes<\/strong><br \/>\n<strong>06570 Saint-Paul de Vence<\/strong><\/p>\n<div class=\"\">\n<p>&nbsp;<\/p>\n<\/div>\n","protected":false},"excerpt":{"rendered":"<p>C\u2019est au sein m\u00eame de la Fondation CAB que le caf\u00e9-restaurant SOL invite ses convives \u00e0 d\u00e9couvrir une carte savoureuse. Le menu sobre et \u00e9pur\u00e9 met en avant des produits de saison locaux. C\u2019est sous la fra\u00eecheur des orangers et des citronniers que nos h\u00f4tes se ressourcent. L\u2019art minimal et le design sign\u00e9 Charlotte Perriand&nbsp; <a href=\"https:\/\/fondationcab.com\/fr\/restaurant\">&hellip; Read more <i class=\"glyphicon glyphicon-arrow-right\"><\/i><\/a><\/p>\n","protected":false},"author":1,"featured_media":7088,"parent":0,"menu_order":42,"comment_status":"closed","ping_status":"closed","template":"","meta":{"_acf_changed":false,"footnotes":""},"class_list":["post-8440","page","type-page","status-publish","has-post-thumbnail","hentry"],"acf":[],"yoast_head":"<!-- This site is optimized with the Yoast SEO plugin v27.4 - https:\/\/yoast.com\/product\/yoast-seo-wordpress\/ -->\n<title>Restaurant Saint-Paul de Vence - FONDATION CAB<\/title>\n<meta name=\"robots\" content=\"index, follow, max-snippet:-1, max-image-preview:large, max-video-preview:-1\" \/>\n<link rel=\"canonical\" href=\"https:\/\/fondationcab.com\/fr\/restaurant\" \/>\n<meta property=\"og:locale\" content=\"fr_FR\" \/>\n<meta property=\"og:type\" content=\"article\" \/>\n<meta property=\"og:title\" content=\"Restaurant Saint-Paul de Vence - FONDATION CAB\" \/>\n<meta property=\"og:description\" content=\"C\u2019est au sein m\u00eame de la Fondation CAB que le caf\u00e9-restaurant SOL invite ses convives \u00e0 d\u00e9couvrir une carte savoureuse. Le menu sobre et \u00e9pur\u00e9 met en avant des produits de saison locaux. C\u2019est sous la fra\u00eecheur des orangers et des citronniers que nos h\u00f4tes se ressourcent. L\u2019art minimal et le design sign\u00e9 Charlotte Perriand&nbsp; &hellip; Read more\" \/>\n<meta property=\"og:url\" content=\"https:\/\/fondationcab.com\/fr\/restaurant\" \/>\n<meta property=\"og:site_name\" content=\"FONDATION CAB\" \/>\n<meta property=\"article:publisher\" content=\"https:\/\/www.facebook.com\/CABContemporaryArt\/\" \/>\n<meta property=\"article:modified_time\" content=\"2026-04-15T15:08:34+00:00\" \/>\n<meta property=\"og:image\" content=\"https:\/\/fondationcab.com\/wp-content\/uploads\/2021\/06\/LI_1990.jpg\" \/>\n\t<meta property=\"og:image:width\" content=\"1000\" \/>\n\t<meta property=\"og:image:height\" content=\"667\" \/>\n\t<meta property=\"og:image:type\" content=\"image\/jpeg\" \/>\n<meta name=\"twitter:card\" content=\"summary_large_image\" \/>\n<meta name=\"twitter:label1\" content=\"Dur\u00e9e de lecture estim\u00e9e\" \/>\n\t<meta name=\"twitter:data1\" content=\"3 minutes\" \/>\n<script type=\"application\/ld+json\" class=\"yoast-schema-graph\">{\"@context\":\"https:\\\/\\\/schema.org\",\"@graph\":[{\"@type\":\"WebPage\",\"@id\":\"https:\\\/\\\/fondationcab.com\\\/fr\\\/restaurant\",\"url\":\"https:\\\/\\\/fondationcab.com\\\/fr\\\/restaurant\",\"name\":\"Restaurant Saint-Paul de Vence - FONDATION CAB\",\"isPartOf\":{\"@id\":\"https:\\\/\\\/fondationcab.com\\\/fr#website\"},\"primaryImageOfPage\":{\"@id\":\"https:\\\/\\\/fondationcab.com\\\/fr\\\/restaurant#primaryimage\"},\"image\":{\"@id\":\"https:\\\/\\\/fondationcab.com\\\/fr\\\/restaurant#primaryimage\"},\"thumbnailUrl\":\"https:\\\/\\\/fondationcab.com\\\/wp-content\\\/uploads\\\/2021\\\/06\\\/LI_1990.jpg\",\"datePublished\":\"2022-02-20T00:34:39+00:00\",\"dateModified\":\"2026-04-15T15:08:34+00:00\",\"breadcrumb\":{\"@id\":\"https:\\\/\\\/fondationcab.com\\\/fr\\\/restaurant#breadcrumb\"},\"inLanguage\":\"fr-FR\",\"potentialAction\":[{\"@type\":\"ReadAction\",\"target\":[\"https:\\\/\\\/fondationcab.com\\\/fr\\\/restaurant\"]}]},{\"@type\":\"ImageObject\",\"inLanguage\":\"fr-FR\",\"@id\":\"https:\\\/\\\/fondationcab.com\\\/fr\\\/restaurant#primaryimage\",\"url\":\"https:\\\/\\\/fondationcab.com\\\/wp-content\\\/uploads\\\/2021\\\/06\\\/LI_1990.jpg\",\"contentUrl\":\"https:\\\/\\\/fondationcab.com\\\/wp-content\\\/uploads\\\/2021\\\/06\\\/LI_1990.jpg\",\"width\":1000,\"height\":667},{\"@type\":\"BreadcrumbList\",\"@id\":\"https:\\\/\\\/fondationcab.com\\\/fr\\\/restaurant#breadcrumb\",\"itemListElement\":[{\"@type\":\"ListItem\",\"position\":1,\"name\":\"Home\",\"item\":\"https:\\\/\\\/fondationcab.com\\\/fr\"},{\"@type\":\"ListItem\",\"position\":2,\"name\":\"Restaurant Saint-Paul de Vence\"}]},{\"@type\":\"WebSite\",\"@id\":\"https:\\\/\\\/fondationcab.com\\\/fr#website\",\"url\":\"https:\\\/\\\/fondationcab.com\\\/fr\",\"name\":\"FONDATION CAB\",\"description\":\"ART CENTER BRUSSELS\",\"publisher\":{\"@id\":\"https:\\\/\\\/fondationcab.com\\\/fr#organization\"},\"potentialAction\":[{\"@type\":\"SearchAction\",\"target\":{\"@type\":\"EntryPoint\",\"urlTemplate\":\"https:\\\/\\\/fondationcab.com\\\/fr?s={search_term_string}\"},\"query-input\":{\"@type\":\"PropertyValueSpecification\",\"valueRequired\":true,\"valueName\":\"search_term_string\"}}],\"inLanguage\":\"fr-FR\"},{\"@type\":\"Organization\",\"@id\":\"https:\\\/\\\/fondationcab.com\\\/fr#organization\",\"name\":\"Fondation CAB\",\"url\":\"https:\\\/\\\/fondationcab.com\\\/fr\",\"logo\":{\"@type\":\"ImageObject\",\"inLanguage\":\"fr-FR\",\"@id\":\"https:\\\/\\\/fondationcab.com\\\/fr#\\\/schema\\\/logo\\\/image\\\/\",\"url\":\"https:\\\/\\\/cab.storycoding.agency\\\/wp-content\\\/uploads\\\/2018\\\/03\\\/fondation_cab_logo.jpg\",\"contentUrl\":\"https:\\\/\\\/cab.storycoding.agency\\\/wp-content\\\/uploads\\\/2018\\\/03\\\/fondation_cab_logo.jpg\",\"width\":250,\"height\":125,\"caption\":\"Fondation CAB\"},\"image\":{\"@id\":\"https:\\\/\\\/fondationcab.com\\\/fr#\\\/schema\\\/logo\\\/image\\\/\"},\"sameAs\":[\"https:\\\/\\\/www.facebook.com\\\/CABContemporaryArt\\\/\",\"https:\\\/\\\/www.instagram.com\\\/fondation_cab\\\/\",\"https:\\\/\\\/www.youtube.com\\\/channel\\\/UC4BG_XNA2Sn1VGimzwU60Aw\"]}]}<\/script>\n<!-- \/ Yoast SEO plugin. -->","yoast_head_json":{"title":"Restaurant Saint-Paul de Vence - FONDATION CAB","robots":{"index":"index","follow":"follow","max-snippet":"max-snippet:-1","max-image-preview":"max-image-preview:large","max-video-preview":"max-video-preview:-1"},"canonical":"https:\/\/fondationcab.com\/fr\/restaurant","og_locale":"fr_FR","og_type":"article","og_title":"Restaurant Saint-Paul de Vence - FONDATION CAB","og_description":"C\u2019est au sein m\u00eame de la Fondation CAB que le caf\u00e9-restaurant SOL invite ses convives \u00e0 d\u00e9couvrir une carte savoureuse. Le menu sobre et \u00e9pur\u00e9 met en avant des produits de saison locaux. C\u2019est sous la fra\u00eecheur des orangers et des citronniers que nos h\u00f4tes se ressourcent. L\u2019art minimal et le design sign\u00e9 Charlotte Perriand&nbsp; &hellip; Read more","og_url":"https:\/\/fondationcab.com\/fr\/restaurant","og_site_name":"FONDATION CAB","article_publisher":"https:\/\/www.facebook.com\/CABContemporaryArt\/","article_modified_time":"2026-04-15T15:08:34+00:00","og_image":[{"width":1000,"height":667,"url":"https:\/\/fondationcab.com\/wp-content\/uploads\/2021\/06\/LI_1990.jpg","type":"image\/jpeg"}],"twitter_card":"summary_large_image","twitter_misc":{"Dur\u00e9e de lecture estim\u00e9e":"3 minutes"},"schema":{"@context":"https:\/\/schema.org","@graph":[{"@type":"WebPage","@id":"https:\/\/fondationcab.com\/fr\/restaurant","url":"https:\/\/fondationcab.com\/fr\/restaurant","name":"Restaurant Saint-Paul de Vence - FONDATION CAB","isPartOf":{"@id":"https:\/\/fondationcab.com\/fr#website"},"primaryImageOfPage":{"@id":"https:\/\/fondationcab.com\/fr\/restaurant#primaryimage"},"image":{"@id":"https:\/\/fondationcab.com\/fr\/restaurant#primaryimage"},"thumbnailUrl":"https:\/\/fondationcab.com\/wp-content\/uploads\/2021\/06\/LI_1990.jpg","datePublished":"2022-02-20T00:34:39+00:00","dateModified":"2026-04-15T15:08:34+00:00","breadcrumb":{"@id":"https:\/\/fondationcab.com\/fr\/restaurant#breadcrumb"},"inLanguage":"fr-FR","potentialAction":[{"@type":"ReadAction","target":["https:\/\/fondationcab.com\/fr\/restaurant"]}]},{"@type":"ImageObject","inLanguage":"fr-FR","@id":"https:\/\/fondationcab.com\/fr\/restaurant#primaryimage","url":"https:\/\/fondationcab.com\/wp-content\/uploads\/2021\/06\/LI_1990.jpg","contentUrl":"https:\/\/fondationcab.com\/wp-content\/uploads\/2021\/06\/LI_1990.jpg","width":1000,"height":667},{"@type":"BreadcrumbList","@id":"https:\/\/fondationcab.com\/fr\/restaurant#breadcrumb","itemListElement":[{"@type":"ListItem","position":1,"name":"Home","item":"https:\/\/fondationcab.com\/fr"},{"@type":"ListItem","position":2,"name":"Restaurant Saint-Paul de Vence"}]},{"@type":"WebSite","@id":"https:\/\/fondationcab.com\/fr#website","url":"https:\/\/fondationcab.com\/fr","name":"FONDATION CAB","description":"ART CENTER BRUSSELS","publisher":{"@id":"https:\/\/fondationcab.com\/fr#organization"},"potentialAction":[{"@type":"SearchAction","target":{"@type":"EntryPoint","urlTemplate":"https:\/\/fondationcab.com\/fr?s={search_term_string}"},"query-input":{"@type":"PropertyValueSpecification","valueRequired":true,"valueName":"search_term_string"}}],"inLanguage":"fr-FR"},{"@type":"Organization","@id":"https:\/\/fondationcab.com\/fr#organization","name":"Fondation CAB","url":"https:\/\/fondationcab.com\/fr","logo":{"@type":"ImageObject","inLanguage":"fr-FR","@id":"https:\/\/fondationcab.com\/fr#\/schema\/logo\/image\/","url":"https:\/\/cab.storycoding.agency\/wp-content\/uploads\/2018\/03\/fondation_cab_logo.jpg","contentUrl":"https:\/\/cab.storycoding.agency\/wp-content\/uploads\/2018\/03\/fondation_cab_logo.jpg","width":250,"height":125,"caption":"Fondation CAB"},"image":{"@id":"https:\/\/fondationcab.com\/fr#\/schema\/logo\/image\/"},"sameAs":["https:\/\/www.facebook.com\/CABContemporaryArt\/","https:\/\/www.instagram.com\/fondation_cab\/","https:\/\/www.youtube.com\/channel\/UC4BG_XNA2Sn1VGimzwU60Aw"]}]}},"_links":{"self":[{"href":"https:\/\/fondationcab.com\/fr\/wp-json\/wp\/v2\/pages\/8440","targetHints":{"allow":["GET"]}}],"collection":[{"href":"https:\/\/fondationcab.com\/fr\/wp-json\/wp\/v2\/pages"}],"about":[{"href":"https:\/\/fondationcab.com\/fr\/wp-json\/wp\/v2\/types\/page"}],"author":[{"embeddable":true,"href":"https:\/\/fondationcab.com\/fr\/wp-json\/wp\/v2\/users\/1"}],"replies":[{"embeddable":true,"href":"https:\/\/fondationcab.com\/fr\/wp-json\/wp\/v2\/comments?post=8440"}],"version-history":[{"count":42,"href":"https:\/\/fondationcab.com\/fr\/wp-json\/wp\/v2\/pages\/8440\/revisions"}],"predecessor-version":[{"id":16790,"href":"https:\/\/fondationcab.com\/fr\/wp-json\/wp\/v2\/pages\/8440\/revisions\/16790"}],"wp:featuredmedia":[{"embeddable":true,"href":"https:\/\/fondationcab.com\/fr\/wp-json\/wp\/v2\/media\/7088"}],"wp:attachment":[{"href":"https:\/\/fondationcab.com\/fr\/wp-json\/wp\/v2\/media?parent=8440"}],"curies":[{"name":"wp","href":"https:\/\/api.w.org\/{rel}","templated":true}]}}