{"id":15565,"date":"2025-07-07T22:28:12","date_gmt":"2025-07-07T20:28:12","guid":{"rendered":"https:\/\/fondationcab.com\/e-shop\/non%20class\u00e9\/catalogue-exhibition-figures-on-a-ground-perspectives-on-minimal-art"},"modified":"2025-07-07T23:01:47","modified_gmt":"2025-07-07T21:01:47","slug":"catalogue-exposition-figures-on-a-ground-perspectives-on-minimal-art","status":"publish","type":"product","link":"https:\/\/fondationcab.com\/fr\/e-shop\/livre\/catalogue-exposition-figures-on-a-ground-perspectives-on-minimal-art","title":{"rendered":"Catalogue exposition \u00ab\u00a0Figures on a ground, Perspectives on Minimal Art\u00a0\u00bb"},"content":{"rendered":"<p>Artistes: Tauba Auerbach, Anna-Maria Bogner, Claudia Comte, Mary Corse, Ann Edholm, Gloria Graham, Carmen Herrera, Sonia Kacem, Ariane Loze, Julia Mangold, Agnes Martin, Mary Obering, Charlotte Posenenske, Jessica Sanders, Anne Truitt, Meg Webster and Marthe W\u00e9ry<\/p>\n<p>Date de l&rsquo;exposition: 10.06-14.12.2020<\/p>\n<p>Texte: Evelyn Simons; Eleonore de Sadeleer; Doroth\u00e9e Dupuis; Mathilde Guidelli<\/p>\n<p>O\u00f9: Fondation CAB Brussels Rue Borrens 32-34,1050 Brussels, Belgium<\/p>\n<p>Photographie:Lola Pertowski<\/p>\n","protected":false},"excerpt":{"rendered":"<p>Artistes: Tauba Auerbach, Anna-Maria Bogner, Claudia Comte, Mary Corse, Ann Edholm, Gloria Graham, Carmen Herrera, Sonia Kacem, Ariane Loze, Julia Mangold, Agnes Martin, Mary Obering, Charlotte Posenenske, Jessica Sanders, Anne Truitt, Meg Webster and Marthe W\u00e9ry Date de l&rsquo;exposition: 10.06-14.12.2020 Texte: Evelyn Simons; Eleonore de Sadeleer; Doroth\u00e9e Dupuis; Mathilde Guidelli O\u00f9: Fondation CAB Brussels Rue&nbsp; <a href=\"https:\/\/fondationcab.com\/fr\/e-shop\/livre\/catalogue-exposition-figures-on-a-ground-perspectives-on-minimal-art\">&hellip; Read more <i class=\"glyphicon glyphicon-arrow-right\"><\/i><\/a><\/p>\n","protected":false},"featured_media":15532,"comment_status":"closed","ping_status":"closed","template":"","meta":{"_acf_changed":false},"product_brand":[],"product_cat":[191],"product_tag":[185,188,190],"class_list":{"0":"post-15565","1":"product","2":"type-product","3":"status-publish","4":"has-post-thumbnail","6":"product_cat-livre","7":"product_tag-architecture-fr","8":"product_tag-art-fr","9":"product_tag-design-fr","11":"first","12":"instock","13":"shipping-taxable","14":"purchasable","15":"product-type-simple"},"acf":[],"yoast_head":"<!-- This site is optimized with the Yoast SEO plugin v27.3 - https:\/\/yoast.com\/product\/yoast-seo-wordpress\/ -->\n<title>Catalogue exposition &quot;Figures on a ground, Perspectives on Minimal Art&quot; - FONDATION CAB<\/title>\n<meta name=\"robots\" content=\"index, follow, max-snippet:-1, max-image-preview:large, max-video-preview:-1\" \/>\n<link rel=\"canonical\" href=\"https:\/\/fondationcab.com\/fr\/e-shop\/livre\/catalogue-exposition-figures-on-a-ground-perspectives-on-minimal-art\" \/>\n<meta property=\"og:locale\" content=\"fr_FR\" \/>\n<meta property=\"og:type\" content=\"article\" \/>\n<meta property=\"og:title\" content=\"Catalogue exposition &quot;Figures on a ground, Perspectives on Minimal Art&quot; - FONDATION CAB\" \/>\n<meta property=\"og:description\" content=\"Artistes: Tauba Auerbach, Anna-Maria Bogner, Claudia Comte, Mary Corse, Ann Edholm, Gloria Graham, Carmen Herrera, Sonia Kacem, Ariane Loze, Julia Mangold, Agnes Martin, Mary Obering, Charlotte Posenenske, Jessica Sanders, Anne Truitt, Meg Webster and Marthe W\u00e9ry Date de l&rsquo;exposition: 10.06-14.12.2020 Texte: Evelyn Simons; Eleonore de Sadeleer; Doroth\u00e9e Dupuis; Mathilde Guidelli O\u00f9: Fondation CAB Brussels Rue&nbsp; &hellip; Read more\" \/>\n<meta property=\"og:url\" content=\"https:\/\/fondationcab.com\/fr\/e-shop\/livre\/catalogue-exposition-figures-on-a-ground-perspectives-on-minimal-art\" \/>\n<meta property=\"og:site_name\" content=\"FONDATION CAB\" \/>\n<meta property=\"article:publisher\" content=\"https:\/\/www.facebook.com\/CABContemporaryArt\/\" \/>\n<meta property=\"article:modified_time\" content=\"2025-07-07T21:01:47+00:00\" \/>\n<meta property=\"og:image\" content=\"https:\/\/fondationcab.com\/wp-content\/uploads\/2025\/07\/IMG_0137-min.jpg\" \/>\n\t<meta property=\"og:image:width\" content=\"1440\" \/>\n\t<meta property=\"og:image:height\" content=\"1920\" \/>\n\t<meta property=\"og:image:type\" content=\"image\/jpeg\" \/>\n<meta name=\"twitter:card\" content=\"summary_large_image\" \/>\n<meta name=\"twitter:label1\" content=\"Dur\u00e9e de lecture estim\u00e9e\" \/>\n\t<meta name=\"twitter:data1\" content=\"1 minute\" \/>\n<script type=\"application\/ld+json\" class=\"yoast-schema-graph\">{\"@context\":\"https:\\\/\\\/schema.org\",\"@graph\":[{\"@type\":\"WebPage\",\"@id\":\"https:\\\/\\\/fondationcab.com\\\/fr\\\/e-shop\\\/livre\\\/catalogue-exposition-figures-on-a-ground-perspectives-on-minimal-art\",\"url\":\"https:\\\/\\\/fondationcab.com\\\/fr\\\/e-shop\\\/livre\\\/catalogue-exposition-figures-on-a-ground-perspectives-on-minimal-art\",\"name\":\"Catalogue exposition \\\"Figures on a ground, Perspectives on Minimal Art\\\" - FONDATION CAB\",\"isPartOf\":{\"@id\":\"https:\\\/\\\/fondationcab.com\\\/fr#website\"},\"primaryImageOfPage\":{\"@id\":\"https:\\\/\\\/fondationcab.com\\\/fr\\\/e-shop\\\/livre\\\/catalogue-exposition-figures-on-a-ground-perspectives-on-minimal-art#primaryimage\"},\"image\":{\"@id\":\"https:\\\/\\\/fondationcab.com\\\/fr\\\/e-shop\\\/livre\\\/catalogue-exposition-figures-on-a-ground-perspectives-on-minimal-art#primaryimage\"},\"thumbnailUrl\":\"https:\\\/\\\/fondationcab.com\\\/wp-content\\\/uploads\\\/2025\\\/07\\\/IMG_0137-min.jpg\",\"datePublished\":\"2025-07-07T20:28:12+00:00\",\"dateModified\":\"2025-07-07T21:01:47+00:00\",\"breadcrumb\":{\"@id\":\"https:\\\/\\\/fondationcab.com\\\/fr\\\/e-shop\\\/livre\\\/catalogue-exposition-figures-on-a-ground-perspectives-on-minimal-art#breadcrumb\"},\"inLanguage\":\"fr-FR\",\"potentialAction\":[{\"@type\":\"ReadAction\",\"target\":[\"https:\\\/\\\/fondationcab.com\\\/fr\\\/e-shop\\\/livre\\\/catalogue-exposition-figures-on-a-ground-perspectives-on-minimal-art\"]}]},{\"@type\":\"ImageObject\",\"inLanguage\":\"fr-FR\",\"@id\":\"https:\\\/\\\/fondationcab.com\\\/fr\\\/e-shop\\\/livre\\\/catalogue-exposition-figures-on-a-ground-perspectives-on-minimal-art#primaryimage\",\"url\":\"https:\\\/\\\/fondationcab.com\\\/wp-content\\\/uploads\\\/2025\\\/07\\\/IMG_0137-min.jpg\",\"contentUrl\":\"https:\\\/\\\/fondationcab.com\\\/wp-content\\\/uploads\\\/2025\\\/07\\\/IMG_0137-min.jpg\",\"width\":1440,\"height\":1920},{\"@type\":\"BreadcrumbList\",\"@id\":\"https:\\\/\\\/fondationcab.com\\\/fr\\\/e-shop\\\/livre\\\/catalogue-exposition-figures-on-a-ground-perspectives-on-minimal-art#breadcrumb\",\"itemListElement\":[{\"@type\":\"ListItem\",\"position\":1,\"name\":\"Home\",\"item\":\"https:\\\/\\\/fondationcab.com\\\/fr\"},{\"@type\":\"ListItem\",\"position\":2,\"name\":\"Catalogue exposition \u00ab\u00a0Figures on a ground, Perspectives on Minimal Art\u00a0\u00bb\"}]},{\"@type\":\"WebSite\",\"@id\":\"https:\\\/\\\/fondationcab.com\\\/fr#website\",\"url\":\"https:\\\/\\\/fondationcab.com\\\/fr\",\"name\":\"FONDATION CAB\",\"description\":\"ART CENTER BRUSSELS\",\"publisher\":{\"@id\":\"https:\\\/\\\/fondationcab.com\\\/fr#organization\"},\"potentialAction\":[{\"@type\":\"SearchAction\",\"target\":{\"@type\":\"EntryPoint\",\"urlTemplate\":\"https:\\\/\\\/fondationcab.com\\\/fr?s={search_term_string}\"},\"query-input\":{\"@type\":\"PropertyValueSpecification\",\"valueRequired\":true,\"valueName\":\"search_term_string\"}}],\"inLanguage\":\"fr-FR\"},{\"@type\":\"Organization\",\"@id\":\"https:\\\/\\\/fondationcab.com\\\/fr#organization\",\"name\":\"Fondation CAB\",\"url\":\"https:\\\/\\\/fondationcab.com\\\/fr\",\"logo\":{\"@type\":\"ImageObject\",\"inLanguage\":\"fr-FR\",\"@id\":\"https:\\\/\\\/fondationcab.com\\\/fr#\\\/schema\\\/logo\\\/image\\\/\",\"url\":\"https:\\\/\\\/cab.storycoding.agency\\\/wp-content\\\/uploads\\\/2018\\\/03\\\/fondation_cab_logo.jpg\",\"contentUrl\":\"https:\\\/\\\/cab.storycoding.agency\\\/wp-content\\\/uploads\\\/2018\\\/03\\\/fondation_cab_logo.jpg\",\"width\":250,\"height\":125,\"caption\":\"Fondation CAB\"},\"image\":{\"@id\":\"https:\\\/\\\/fondationcab.com\\\/fr#\\\/schema\\\/logo\\\/image\\\/\"},\"sameAs\":[\"https:\\\/\\\/www.facebook.com\\\/CABContemporaryArt\\\/\",\"https:\\\/\\\/www.instagram.com\\\/fondation_cab\\\/\",\"https:\\\/\\\/www.youtube.com\\\/channel\\\/UC4BG_XNA2Sn1VGimzwU60Aw\"]}]}<\/script>\n<!-- \/ Yoast SEO plugin. -->","yoast_head_json":{"title":"Catalogue exposition \"Figures on a ground, Perspectives on Minimal Art\" - FONDATION CAB","robots":{"index":"index","follow":"follow","max-snippet":"max-snippet:-1","max-image-preview":"max-image-preview:large","max-video-preview":"max-video-preview:-1"},"canonical":"https:\/\/fondationcab.com\/fr\/e-shop\/livre\/catalogue-exposition-figures-on-a-ground-perspectives-on-minimal-art","og_locale":"fr_FR","og_type":"article","og_title":"Catalogue exposition \"Figures on a ground, Perspectives on Minimal Art\" - FONDATION CAB","og_description":"Artistes: Tauba Auerbach, Anna-Maria Bogner, Claudia Comte, Mary Corse, Ann Edholm, Gloria Graham, Carmen Herrera, Sonia Kacem, Ariane Loze, Julia Mangold, Agnes Martin, Mary Obering, Charlotte Posenenske, Jessica Sanders, Anne Truitt, Meg Webster and Marthe W\u00e9ry Date de l&rsquo;exposition: 10.06-14.12.2020 Texte: Evelyn Simons; Eleonore de Sadeleer; Doroth\u00e9e Dupuis; Mathilde Guidelli O\u00f9: Fondation CAB Brussels Rue&nbsp; &hellip; Read more","og_url":"https:\/\/fondationcab.com\/fr\/e-shop\/livre\/catalogue-exposition-figures-on-a-ground-perspectives-on-minimal-art","og_site_name":"FONDATION CAB","article_publisher":"https:\/\/www.facebook.com\/CABContemporaryArt\/","article_modified_time":"2025-07-07T21:01:47+00:00","og_image":[{"width":1440,"height":1920,"url":"https:\/\/fondationcab.com\/wp-content\/uploads\/2025\/07\/IMG_0137-min.jpg","type":"image\/jpeg"}],"twitter_card":"summary_large_image","twitter_misc":{"Dur\u00e9e de lecture estim\u00e9e":"1 minute"},"schema":{"@context":"https:\/\/schema.org","@graph":[{"@type":"WebPage","@id":"https:\/\/fondationcab.com\/fr\/e-shop\/livre\/catalogue-exposition-figures-on-a-ground-perspectives-on-minimal-art","url":"https:\/\/fondationcab.com\/fr\/e-shop\/livre\/catalogue-exposition-figures-on-a-ground-perspectives-on-minimal-art","name":"Catalogue exposition \"Figures on a ground, Perspectives on Minimal Art\" - FONDATION CAB","isPartOf":{"@id":"https:\/\/fondationcab.com\/fr#website"},"primaryImageOfPage":{"@id":"https:\/\/fondationcab.com\/fr\/e-shop\/livre\/catalogue-exposition-figures-on-a-ground-perspectives-on-minimal-art#primaryimage"},"image":{"@id":"https:\/\/fondationcab.com\/fr\/e-shop\/livre\/catalogue-exposition-figures-on-a-ground-perspectives-on-minimal-art#primaryimage"},"thumbnailUrl":"https:\/\/fondationcab.com\/wp-content\/uploads\/2025\/07\/IMG_0137-min.jpg","datePublished":"2025-07-07T20:28:12+00:00","dateModified":"2025-07-07T21:01:47+00:00","breadcrumb":{"@id":"https:\/\/fondationcab.com\/fr\/e-shop\/livre\/catalogue-exposition-figures-on-a-ground-perspectives-on-minimal-art#breadcrumb"},"inLanguage":"fr-FR","potentialAction":[{"@type":"ReadAction","target":["https:\/\/fondationcab.com\/fr\/e-shop\/livre\/catalogue-exposition-figures-on-a-ground-perspectives-on-minimal-art"]}]},{"@type":"ImageObject","inLanguage":"fr-FR","@id":"https:\/\/fondationcab.com\/fr\/e-shop\/livre\/catalogue-exposition-figures-on-a-ground-perspectives-on-minimal-art#primaryimage","url":"https:\/\/fondationcab.com\/wp-content\/uploads\/2025\/07\/IMG_0137-min.jpg","contentUrl":"https:\/\/fondationcab.com\/wp-content\/uploads\/2025\/07\/IMG_0137-min.jpg","width":1440,"height":1920},{"@type":"BreadcrumbList","@id":"https:\/\/fondationcab.com\/fr\/e-shop\/livre\/catalogue-exposition-figures-on-a-ground-perspectives-on-minimal-art#breadcrumb","itemListElement":[{"@type":"ListItem","position":1,"name":"Home","item":"https:\/\/fondationcab.com\/fr"},{"@type":"ListItem","position":2,"name":"Catalogue exposition \u00ab\u00a0Figures on a ground, Perspectives on Minimal Art\u00a0\u00bb"}]},{"@type":"WebSite","@id":"https:\/\/fondationcab.com\/fr#website","url":"https:\/\/fondationcab.com\/fr","name":"FONDATION CAB","description":"ART CENTER BRUSSELS","publisher":{"@id":"https:\/\/fondationcab.com\/fr#organization"},"potentialAction":[{"@type":"SearchAction","target":{"@type":"EntryPoint","urlTemplate":"https:\/\/fondationcab.com\/fr?s={search_term_string}"},"query-input":{"@type":"PropertyValueSpecification","valueRequired":true,"valueName":"search_term_string"}}],"inLanguage":"fr-FR"},{"@type":"Organization","@id":"https:\/\/fondationcab.com\/fr#organization","name":"Fondation CAB","url":"https:\/\/fondationcab.com\/fr","logo":{"@type":"ImageObject","inLanguage":"fr-FR","@id":"https:\/\/fondationcab.com\/fr#\/schema\/logo\/image\/","url":"https:\/\/cab.storycoding.agency\/wp-content\/uploads\/2018\/03\/fondation_cab_logo.jpg","contentUrl":"https:\/\/cab.storycoding.agency\/wp-content\/uploads\/2018\/03\/fondation_cab_logo.jpg","width":250,"height":125,"caption":"Fondation CAB"},"image":{"@id":"https:\/\/fondationcab.com\/fr#\/schema\/logo\/image\/"},"sameAs":["https:\/\/www.facebook.com\/CABContemporaryArt\/","https:\/\/www.instagram.com\/fondation_cab\/","https:\/\/www.youtube.com\/channel\/UC4BG_XNA2Sn1VGimzwU60Aw"]}]}},"_links":{"self":[{"href":"https:\/\/fondationcab.com\/fr\/wp-json\/wp\/v2\/product\/15565","targetHints":{"allow":["GET"]}}],"collection":[{"href":"https:\/\/fondationcab.com\/fr\/wp-json\/wp\/v2\/product"}],"about":[{"href":"https:\/\/fondationcab.com\/fr\/wp-json\/wp\/v2\/types\/product"}],"replies":[{"embeddable":true,"href":"https:\/\/fondationcab.com\/fr\/wp-json\/wp\/v2\/comments?post=15565"}],"wp:featuredmedia":[{"embeddable":true,"href":"https:\/\/fondationcab.com\/fr\/wp-json\/wp\/v2\/media\/15532"}],"wp:attachment":[{"href":"https:\/\/fondationcab.com\/fr\/wp-json\/wp\/v2\/media?parent=15565"}],"wp:term":[{"taxonomy":"product_brand","embeddable":true,"href":"https:\/\/fondationcab.com\/fr\/wp-json\/wp\/v2\/product_brand?post=15565"},{"taxonomy":"product_cat","embeddable":true,"href":"https:\/\/fondationcab.com\/fr\/wp-json\/wp\/v2\/product_cat?post=15565"},{"taxonomy":"product_tag","embeddable":true,"href":"https:\/\/fondationcab.com\/fr\/wp-json\/wp\/v2\/product_tag?post=15565"}],"curies":[{"name":"wp","href":"https:\/\/api.w.org\/{rel}","templated":true}]}}