{"id":1629,"date":"2018-03-03T08:17:09","date_gmt":"2018-03-03T06:17:09","guid":{"rendered":"https:\/\/fondationcab.com\/about"},"modified":"2025-11-13T16:22:41","modified_gmt":"2025-11-13T14:22:41","slug":"over","status":"publish","type":"page","link":"https:\/\/fondationcab.com\/nl\/over","title":{"rendered":"Fondation"},"content":{"rendered":"<p data-start=\"70\" data-end=\"350\">De artistieke werking van Fondation CAB weerspiegelt de passie van oprichter Hubert Bonnet voor minimalistische kunst \u2013 van de fundamenten zoals ontwikkeld binnen het constructivisme tot hedendaagse stromingen die voortbouwen op of reageren binnen de minimalistische traditie.<\/p>\n<p data-start=\"352\" data-end=\"623\">Het jaarprogramma omvat telkens twee grote tentoonstellingen: \u00e9\u00e9n rond toonaangevende minimalistische kunstenaars, en \u00e9\u00e9n waarin kunstenaars centraal staan die deze traditie bevragen of herinterpreteren. Beide exposities leggen de nadruk op in-situ gecre\u00eberde werken.<\/p>\n<p data-start=\"625\" data-end=\"854\">Daarnaast biedt Fondation CAB ruimte voor \u2018Special Projects\u2019 \u2013 samenwerkingen met galeries, musea, curatoren en kunstenaars van over de hele wereld die zich herkennen in de missie van de fondation en graag de dialoog aangaan.<\/p>\n","protected":false},"excerpt":{"rendered":"<p>De artistieke werking van Fondation CAB weerspiegelt de passie van oprichter Hubert Bonnet voor minimalistische kunst \u2013 van de fundamenten zoals ontwikkeld binnen het constructivisme tot hedendaagse stromingen die voortbouwen op of reageren binnen de minimalistische traditie. Het jaarprogramma omvat telkens twee grote tentoonstellingen: \u00e9\u00e9n rond toonaangevende minimalistische kunstenaars, en \u00e9\u00e9n waarin kunstenaars centraal staan&nbsp; <a href=\"https:\/\/fondationcab.com\/nl\/over\">&hellip; Read more <i class=\"glyphicon glyphicon-arrow-right\"><\/i><\/a><\/p>\n","protected":false},"author":1,"featured_media":2181,"parent":0,"menu_order":2,"comment_status":"closed","ping_status":"closed","template":"about-general.php","meta":{"_acf_changed":false,"footnotes":""},"class_list":["post-1629","page","type-page","status-publish","has-post-thumbnail","hentry"],"acf":[],"yoast_head":"<!-- This site is optimized with the Yoast SEO plugin v27.4 - https:\/\/yoast.com\/product\/yoast-seo-wordpress\/ -->\n<title>Fondation - FONDATION CAB<\/title>\n<meta name=\"robots\" content=\"index, follow, max-snippet:-1, max-image-preview:large, max-video-preview:-1\" \/>\n<link rel=\"canonical\" href=\"https:\/\/fondationcab.com\/nl\/over\" \/>\n<meta property=\"og:locale\" content=\"nl_NL\" \/>\n<meta property=\"og:type\" content=\"article\" \/>\n<meta property=\"og:title\" content=\"Fondation - FONDATION CAB\" \/>\n<meta property=\"og:description\" content=\"De artistieke werking van Fondation CAB weerspiegelt de passie van oprichter Hubert Bonnet voor minimalistische kunst \u2013 van de fundamenten zoals ontwikkeld binnen het constructivisme tot hedendaagse stromingen die voortbouwen op of reageren binnen de minimalistische traditie. Het jaarprogramma omvat telkens twee grote tentoonstellingen: \u00e9\u00e9n rond toonaangevende minimalistische kunstenaars, en \u00e9\u00e9n waarin kunstenaars centraal staan&nbsp; &hellip; Read more\" \/>\n<meta property=\"og:url\" content=\"https:\/\/fondationcab.com\/nl\/over\" \/>\n<meta property=\"og:site_name\" content=\"FONDATION CAB\" \/>\n<meta property=\"article:publisher\" content=\"https:\/\/www.facebook.com\/CABContemporaryArt\/\" \/>\n<meta property=\"article:modified_time\" content=\"2025-11-13T14:22:41+00:00\" \/>\n<meta property=\"og:image\" content=\"https:\/\/fondationcab.com\/wp-content\/uploads\/2018\/07\/dsc2796-4-scaled.jpg\" \/>\n\t<meta property=\"og:image:width\" content=\"2560\" \/>\n\t<meta property=\"og:image:height\" content=\"1709\" \/>\n\t<meta property=\"og:image:type\" content=\"image\/jpeg\" \/>\n<meta name=\"twitter:card\" content=\"summary_large_image\" \/>\n<meta name=\"twitter:label1\" content=\"Geschatte leestijd\" \/>\n\t<meta name=\"twitter:data1\" content=\"5 minuten\" \/>\n<script type=\"application\/ld+json\" class=\"yoast-schema-graph\">{\"@context\":\"https:\\\/\\\/schema.org\",\"@graph\":[{\"@type\":\"WebPage\",\"@id\":\"https:\\\/\\\/fondationcab.com\\\/nl\\\/over\",\"url\":\"https:\\\/\\\/fondationcab.com\\\/nl\\\/over\",\"name\":\"Fondation - FONDATION CAB\",\"isPartOf\":{\"@id\":\"https:\\\/\\\/fondationcab.com\\\/nl#website\"},\"primaryImageOfPage\":{\"@id\":\"https:\\\/\\\/fondationcab.com\\\/nl\\\/over#primaryimage\"},\"image\":{\"@id\":\"https:\\\/\\\/fondationcab.com\\\/nl\\\/over#primaryimage\"},\"thumbnailUrl\":\"https:\\\/\\\/fondationcab.com\\\/wp-content\\\/uploads\\\/2018\\\/07\\\/dsc2796-4-scaled.jpg\",\"datePublished\":\"2018-03-03T06:17:09+00:00\",\"dateModified\":\"2025-11-13T14:22:41+00:00\",\"breadcrumb\":{\"@id\":\"https:\\\/\\\/fondationcab.com\\\/nl\\\/over#breadcrumb\"},\"inLanguage\":\"nl-NL\",\"potentialAction\":[{\"@type\":\"ReadAction\",\"target\":[\"https:\\\/\\\/fondationcab.com\\\/nl\\\/over\"]}]},{\"@type\":\"ImageObject\",\"inLanguage\":\"nl-NL\",\"@id\":\"https:\\\/\\\/fondationcab.com\\\/nl\\\/over#primaryimage\",\"url\":\"https:\\\/\\\/fondationcab.com\\\/wp-content\\\/uploads\\\/2018\\\/07\\\/dsc2796-4-scaled.jpg\",\"contentUrl\":\"https:\\\/\\\/fondationcab.com\\\/wp-content\\\/uploads\\\/2018\\\/07\\\/dsc2796-4-scaled.jpg\",\"width\":2560,\"height\":1709},{\"@type\":\"BreadcrumbList\",\"@id\":\"https:\\\/\\\/fondationcab.com\\\/nl\\\/over#breadcrumb\",\"itemListElement\":[{\"@type\":\"ListItem\",\"position\":1,\"name\":\"Home\",\"item\":\"https:\\\/\\\/fondationcab.com\\\/nl\"},{\"@type\":\"ListItem\",\"position\":2,\"name\":\"Fondation\"}]},{\"@type\":\"WebSite\",\"@id\":\"https:\\\/\\\/fondationcab.com\\\/nl#website\",\"url\":\"https:\\\/\\\/fondationcab.com\\\/nl\",\"name\":\"FONDATION CAB\",\"description\":\"\",\"publisher\":{\"@id\":\"https:\\\/\\\/fondationcab.com\\\/nl#organization\"},\"potentialAction\":[{\"@type\":\"SearchAction\",\"target\":{\"@type\":\"EntryPoint\",\"urlTemplate\":\"https:\\\/\\\/fondationcab.com\\\/nl?s={search_term_string}\"},\"query-input\":{\"@type\":\"PropertyValueSpecification\",\"valueRequired\":true,\"valueName\":\"search_term_string\"}}],\"inLanguage\":\"nl-NL\"},{\"@type\":\"Organization\",\"@id\":\"https:\\\/\\\/fondationcab.com\\\/nl#organization\",\"name\":\"Fondation CAB\",\"url\":\"https:\\\/\\\/fondationcab.com\\\/nl\",\"logo\":{\"@type\":\"ImageObject\",\"inLanguage\":\"nl-NL\",\"@id\":\"https:\\\/\\\/fondationcab.com\\\/nl#\\\/schema\\\/logo\\\/image\\\/\",\"url\":\"https:\\\/\\\/cab.storycoding.agency\\\/wp-content\\\/uploads\\\/2018\\\/03\\\/fondation_cab_logo.jpg\",\"contentUrl\":\"https:\\\/\\\/cab.storycoding.agency\\\/wp-content\\\/uploads\\\/2018\\\/03\\\/fondation_cab_logo.jpg\",\"width\":250,\"height\":125,\"caption\":\"Fondation CAB\"},\"image\":{\"@id\":\"https:\\\/\\\/fondationcab.com\\\/nl#\\\/schema\\\/logo\\\/image\\\/\"},\"sameAs\":[\"https:\\\/\\\/www.facebook.com\\\/CABContemporaryArt\\\/\",\"https:\\\/\\\/www.instagram.com\\\/fondation_cab\\\/\",\"https:\\\/\\\/www.youtube.com\\\/channel\\\/UC4BG_XNA2Sn1VGimzwU60Aw\"]}]}<\/script>\n<!-- \/ Yoast SEO plugin. -->","yoast_head_json":{"title":"Fondation - FONDATION CAB","robots":{"index":"index","follow":"follow","max-snippet":"max-snippet:-1","max-image-preview":"max-image-preview:large","max-video-preview":"max-video-preview:-1"},"canonical":"https:\/\/fondationcab.com\/nl\/over","og_locale":"nl_NL","og_type":"article","og_title":"Fondation - FONDATION CAB","og_description":"De artistieke werking van Fondation CAB weerspiegelt de passie van oprichter Hubert Bonnet voor minimalistische kunst \u2013 van de fundamenten zoals ontwikkeld binnen het constructivisme tot hedendaagse stromingen die voortbouwen op of reageren binnen de minimalistische traditie. Het jaarprogramma omvat telkens twee grote tentoonstellingen: \u00e9\u00e9n rond toonaangevende minimalistische kunstenaars, en \u00e9\u00e9n waarin kunstenaars centraal staan&nbsp; &hellip; Read more","og_url":"https:\/\/fondationcab.com\/nl\/over","og_site_name":"FONDATION CAB","article_publisher":"https:\/\/www.facebook.com\/CABContemporaryArt\/","article_modified_time":"2025-11-13T14:22:41+00:00","og_image":[{"width":2560,"height":1709,"url":"https:\/\/fondationcab.com\/wp-content\/uploads\/2018\/07\/dsc2796-4-scaled.jpg","type":"image\/jpeg"}],"twitter_card":"summary_large_image","twitter_misc":{"Geschatte leestijd":"5 minuten"},"schema":{"@context":"https:\/\/schema.org","@graph":[{"@type":"WebPage","@id":"https:\/\/fondationcab.com\/nl\/over","url":"https:\/\/fondationcab.com\/nl\/over","name":"Fondation - FONDATION CAB","isPartOf":{"@id":"https:\/\/fondationcab.com\/nl#website"},"primaryImageOfPage":{"@id":"https:\/\/fondationcab.com\/nl\/over#primaryimage"},"image":{"@id":"https:\/\/fondationcab.com\/nl\/over#primaryimage"},"thumbnailUrl":"https:\/\/fondationcab.com\/wp-content\/uploads\/2018\/07\/dsc2796-4-scaled.jpg","datePublished":"2018-03-03T06:17:09+00:00","dateModified":"2025-11-13T14:22:41+00:00","breadcrumb":{"@id":"https:\/\/fondationcab.com\/nl\/over#breadcrumb"},"inLanguage":"nl-NL","potentialAction":[{"@type":"ReadAction","target":["https:\/\/fondationcab.com\/nl\/over"]}]},{"@type":"ImageObject","inLanguage":"nl-NL","@id":"https:\/\/fondationcab.com\/nl\/over#primaryimage","url":"https:\/\/fondationcab.com\/wp-content\/uploads\/2018\/07\/dsc2796-4-scaled.jpg","contentUrl":"https:\/\/fondationcab.com\/wp-content\/uploads\/2018\/07\/dsc2796-4-scaled.jpg","width":2560,"height":1709},{"@type":"BreadcrumbList","@id":"https:\/\/fondationcab.com\/nl\/over#breadcrumb","itemListElement":[{"@type":"ListItem","position":1,"name":"Home","item":"https:\/\/fondationcab.com\/nl"},{"@type":"ListItem","position":2,"name":"Fondation"}]},{"@type":"WebSite","@id":"https:\/\/fondationcab.com\/nl#website","url":"https:\/\/fondationcab.com\/nl","name":"FONDATION CAB","description":"","publisher":{"@id":"https:\/\/fondationcab.com\/nl#organization"},"potentialAction":[{"@type":"SearchAction","target":{"@type":"EntryPoint","urlTemplate":"https:\/\/fondationcab.com\/nl?s={search_term_string}"},"query-input":{"@type":"PropertyValueSpecification","valueRequired":true,"valueName":"search_term_string"}}],"inLanguage":"nl-NL"},{"@type":"Organization","@id":"https:\/\/fondationcab.com\/nl#organization","name":"Fondation CAB","url":"https:\/\/fondationcab.com\/nl","logo":{"@type":"ImageObject","inLanguage":"nl-NL","@id":"https:\/\/fondationcab.com\/nl#\/schema\/logo\/image\/","url":"https:\/\/cab.storycoding.agency\/wp-content\/uploads\/2018\/03\/fondation_cab_logo.jpg","contentUrl":"https:\/\/cab.storycoding.agency\/wp-content\/uploads\/2018\/03\/fondation_cab_logo.jpg","width":250,"height":125,"caption":"Fondation CAB"},"image":{"@id":"https:\/\/fondationcab.com\/nl#\/schema\/logo\/image\/"},"sameAs":["https:\/\/www.facebook.com\/CABContemporaryArt\/","https:\/\/www.instagram.com\/fondation_cab\/","https:\/\/www.youtube.com\/channel\/UC4BG_XNA2Sn1VGimzwU60Aw"]}]}},"_links":{"self":[{"href":"https:\/\/fondationcab.com\/nl\/wp-json\/wp\/v2\/pages\/1629","targetHints":{"allow":["GET"]}}],"collection":[{"href":"https:\/\/fondationcab.com\/nl\/wp-json\/wp\/v2\/pages"}],"about":[{"href":"https:\/\/fondationcab.com\/nl\/wp-json\/wp\/v2\/types\/page"}],"author":[{"embeddable":true,"href":"https:\/\/fondationcab.com\/nl\/wp-json\/wp\/v2\/users\/1"}],"replies":[{"embeddable":true,"href":"https:\/\/fondationcab.com\/nl\/wp-json\/wp\/v2\/comments?post=1629"}],"version-history":[{"count":9,"href":"https:\/\/fondationcab.com\/nl\/wp-json\/wp\/v2\/pages\/1629\/revisions"}],"predecessor-version":[{"id":16083,"href":"https:\/\/fondationcab.com\/nl\/wp-json\/wp\/v2\/pages\/1629\/revisions\/16083"}],"wp:featuredmedia":[{"embeddable":true,"href":"https:\/\/fondationcab.com\/nl\/wp-json\/wp\/v2\/media\/2181"}],"wp:attachment":[{"href":"https:\/\/fondationcab.com\/nl\/wp-json\/wp\/v2\/media?parent=1629"}],"curies":[{"name":"wp","href":"https:\/\/api.w.org\/{rel}","templated":true}]}}