{"id":15571,"date":"2025-07-07T22:08:24","date_gmt":"2025-07-07T20:08:24","guid":{"rendered":"https:\/\/fondationcab.com\/e-shop\/niet-gecategoriseerd\/catalogue-exhibition-partenaires-particulaires-supports-surfaces-dissemination"},"modified":"2025-07-07T23:13:20","modified_gmt":"2025-07-07T21:13:20","slug":"tentoonstellingscatalogus-partenaires-particulaires-supports-surfaces-dissemination","status":"publish","type":"product","link":"https:\/\/fondationcab.com\/nl\/e-shop\/boek\/tentoonstellingscatalogus-partenaires-particulaires-supports-surfaces-dissemination","title":{"rendered":"Tentoonstellingscatalogus &#8220;Partenaires Particulaires (supports, surfaces, dissemination)&#8221;"},"content":{"rendered":"<p>Kunstenaars: Andr\u00e9-Pierre Arnal, Vincent Bouli\u00e9s, Ernest Breleur, Pierre Buraglio, Louis Cane, Daniel Dezeuze, Edith Dekyndt,Ladji Diaby, No\u00ebl Dolla, Miho Dohi, Marc Devade, Torkwase Dyson, Fred Eversley, Melinda Fourn, Hall. Haus. Kapwani Kiwanga, Ren\u00e9e Levi, Myriam Mihindou, Brandon Ndife, Jack O&#8217;Brien, Robert Overby, Bernard Pages, Jean-Pierre Pincemin, Patrick Saytour et Claude Viallat<\/p>\n<p>Waar: An exhibition organized by Fondation CAB in Saint-Paul-de-Vence<br \/>\nChemins de Trious 5766, 06570 Saint-Paul-de-Vence, France<\/p>\n<p>Datum van de tentoonstelling: from 14\/03\/2025 to 02\/11\/2025<\/p>\n<p>Tekst: Hugo Vitrani<\/p>\n<p class=\"p1\">Fotografie: Antoine Lippens<\/p>\n","protected":false},"excerpt":{"rendered":"<p>Kunstenaars: Andr\u00e9-Pierre Arnal, Vincent Bouli\u00e9s, Ernest Breleur, Pierre Buraglio, Louis Cane, Daniel Dezeuze, Edith Dekyndt,Ladji Diaby, No\u00ebl Dolla, Miho Dohi, Marc Devade, Torkwase Dyson, Fred Eversley, Melinda Fourn, Hall. Haus. Kapwani Kiwanga, Ren\u00e9e Levi, Myriam Mihindou, Brandon Ndife, Jack O&#8217;Brien, Robert Overby, Bernard Pages, Jean-Pierre Pincemin, Patrick Saytour et Claude Viallat Waar: An exhibition organized&nbsp; <a href=\"https:\/\/fondationcab.com\/nl\/e-shop\/boek\/tentoonstellingscatalogus-partenaires-particulaires-supports-surfaces-dissemination\">&hellip; Read more <i class=\"glyphicon glyphicon-arrow-right\"><\/i><\/a><\/p>\n","protected":false},"featured_media":15518,"comment_status":"closed","ping_status":"closed","template":"","meta":{"_acf_changed":false},"product_brand":[],"product_cat":[192],"product_tag":[186,187,189],"class_list":{"0":"post-15571","1":"product","2":"type-product","3":"status-publish","4":"has-post-thumbnail","6":"product_cat-boek","7":"product_tag-architectuur","8":"product_tag-art-nl","9":"product_tag-design-nl","11":"first","12":"instock","13":"shipping-taxable","14":"purchasable","15":"product-type-simple"},"acf":[],"yoast_head":"<!-- This site is optimized with the Yoast SEO plugin v27.3 - https:\/\/yoast.com\/product\/yoast-seo-wordpress\/ -->\n<title>Tentoonstellingscatalogus &quot;Partenaires Particulaires (supports, surfaces, dissemination)&quot; - FONDATION CAB<\/title>\n<meta name=\"robots\" content=\"index, follow, max-snippet:-1, max-image-preview:large, max-video-preview:-1\" \/>\n<link rel=\"canonical\" href=\"https:\/\/fondationcab.com\/nl\/e-shop\/boek\/tentoonstellingscatalogus-partenaires-particulaires-supports-surfaces-dissemination\" \/>\n<meta property=\"og:locale\" content=\"nl_NL\" \/>\n<meta property=\"og:type\" content=\"article\" \/>\n<meta property=\"og:title\" content=\"Tentoonstellingscatalogus &quot;Partenaires Particulaires (supports, surfaces, dissemination)&quot; - FONDATION CAB\" \/>\n<meta property=\"og:description\" content=\"Kunstenaars: Andr\u00e9-Pierre Arnal, Vincent Bouli\u00e9s, Ernest Breleur, Pierre Buraglio, Louis Cane, Daniel Dezeuze, Edith Dekyndt,Ladji Diaby, No\u00ebl Dolla, Miho Dohi, Marc Devade, Torkwase Dyson, Fred Eversley, Melinda Fourn, Hall. Haus. Kapwani Kiwanga, Ren\u00e9e Levi, Myriam Mihindou, Brandon Ndife, Jack O&#8217;Brien, Robert Overby, Bernard Pages, Jean-Pierre Pincemin, Patrick Saytour et Claude Viallat Waar: An exhibition organized&nbsp; &hellip; Read more\" \/>\n<meta property=\"og:url\" content=\"https:\/\/fondationcab.com\/nl\/e-shop\/boek\/tentoonstellingscatalogus-partenaires-particulaires-supports-surfaces-dissemination\" \/>\n<meta property=\"og:site_name\" content=\"FONDATION CAB\" \/>\n<meta property=\"article:publisher\" content=\"https:\/\/www.facebook.com\/CABContemporaryArt\/\" \/>\n<meta property=\"article:modified_time\" content=\"2025-07-07T21:13:20+00:00\" \/>\n<meta property=\"og:image\" content=\"https:\/\/fondationcab.com\/wp-content\/uploads\/2025\/07\/IMG_0309-min.jpg\" \/>\n\t<meta property=\"og:image:width\" content=\"1737\" \/>\n\t<meta property=\"og:image:height\" content=\"1920\" \/>\n\t<meta property=\"og:image:type\" content=\"image\/jpeg\" \/>\n<meta name=\"twitter:card\" content=\"summary_large_image\" \/>\n<meta name=\"twitter:label1\" content=\"Geschatte leestijd\" \/>\n\t<meta name=\"twitter:data1\" content=\"1 minuut\" \/>\n<script type=\"application\/ld+json\" class=\"yoast-schema-graph\">{\"@context\":\"https:\\\/\\\/schema.org\",\"@graph\":[{\"@type\":\"WebPage\",\"@id\":\"https:\\\/\\\/fondationcab.com\\\/nl\\\/e-shop\\\/boek\\\/tentoonstellingscatalogus-partenaires-particulaires-supports-surfaces-dissemination\",\"url\":\"https:\\\/\\\/fondationcab.com\\\/nl\\\/e-shop\\\/boek\\\/tentoonstellingscatalogus-partenaires-particulaires-supports-surfaces-dissemination\",\"name\":\"Tentoonstellingscatalogus \\\"Partenaires Particulaires (supports, surfaces, dissemination)\\\" - FONDATION CAB\",\"isPartOf\":{\"@id\":\"https:\\\/\\\/fondationcab.com\\\/nl#website\"},\"primaryImageOfPage\":{\"@id\":\"https:\\\/\\\/fondationcab.com\\\/nl\\\/e-shop\\\/boek\\\/tentoonstellingscatalogus-partenaires-particulaires-supports-surfaces-dissemination#primaryimage\"},\"image\":{\"@id\":\"https:\\\/\\\/fondationcab.com\\\/nl\\\/e-shop\\\/boek\\\/tentoonstellingscatalogus-partenaires-particulaires-supports-surfaces-dissemination#primaryimage\"},\"thumbnailUrl\":\"https:\\\/\\\/fondationcab.com\\\/wp-content\\\/uploads\\\/2025\\\/07\\\/IMG_0309-min.jpg\",\"datePublished\":\"2025-07-07T20:08:24+00:00\",\"dateModified\":\"2025-07-07T21:13:20+00:00\",\"breadcrumb\":{\"@id\":\"https:\\\/\\\/fondationcab.com\\\/nl\\\/e-shop\\\/boek\\\/tentoonstellingscatalogus-partenaires-particulaires-supports-surfaces-dissemination#breadcrumb\"},\"inLanguage\":\"nl-NL\",\"potentialAction\":[{\"@type\":\"ReadAction\",\"target\":[\"https:\\\/\\\/fondationcab.com\\\/nl\\\/e-shop\\\/boek\\\/tentoonstellingscatalogus-partenaires-particulaires-supports-surfaces-dissemination\"]}]},{\"@type\":\"ImageObject\",\"inLanguage\":\"nl-NL\",\"@id\":\"https:\\\/\\\/fondationcab.com\\\/nl\\\/e-shop\\\/boek\\\/tentoonstellingscatalogus-partenaires-particulaires-supports-surfaces-dissemination#primaryimage\",\"url\":\"https:\\\/\\\/fondationcab.com\\\/wp-content\\\/uploads\\\/2025\\\/07\\\/IMG_0309-min.jpg\",\"contentUrl\":\"https:\\\/\\\/fondationcab.com\\\/wp-content\\\/uploads\\\/2025\\\/07\\\/IMG_0309-min.jpg\",\"width\":1737,\"height\":1920},{\"@type\":\"BreadcrumbList\",\"@id\":\"https:\\\/\\\/fondationcab.com\\\/nl\\\/e-shop\\\/boek\\\/tentoonstellingscatalogus-partenaires-particulaires-supports-surfaces-dissemination#breadcrumb\",\"itemListElement\":[{\"@type\":\"ListItem\",\"position\":1,\"name\":\"Home\",\"item\":\"https:\\\/\\\/fondationcab.com\\\/nl\"},{\"@type\":\"ListItem\",\"position\":2,\"name\":\"Tentoonstellingscatalogus \u00ab\u00a0Partenaires Particulaires (supports, surfaces, dissemination)\u00a0\u00bb\"}]},{\"@type\":\"WebSite\",\"@id\":\"https:\\\/\\\/fondationcab.com\\\/nl#website\",\"url\":\"https:\\\/\\\/fondationcab.com\\\/nl\",\"name\":\"FONDATION CAB\",\"description\":\"\",\"publisher\":{\"@id\":\"https:\\\/\\\/fondationcab.com\\\/nl#organization\"},\"potentialAction\":[{\"@type\":\"SearchAction\",\"target\":{\"@type\":\"EntryPoint\",\"urlTemplate\":\"https:\\\/\\\/fondationcab.com\\\/nl?s={search_term_string}\"},\"query-input\":{\"@type\":\"PropertyValueSpecification\",\"valueRequired\":true,\"valueName\":\"search_term_string\"}}],\"inLanguage\":\"nl-NL\"},{\"@type\":\"Organization\",\"@id\":\"https:\\\/\\\/fondationcab.com\\\/nl#organization\",\"name\":\"Fondation CAB\",\"url\":\"https:\\\/\\\/fondationcab.com\\\/nl\",\"logo\":{\"@type\":\"ImageObject\",\"inLanguage\":\"nl-NL\",\"@id\":\"https:\\\/\\\/fondationcab.com\\\/nl#\\\/schema\\\/logo\\\/image\\\/\",\"url\":\"https:\\\/\\\/cab.storycoding.agency\\\/wp-content\\\/uploads\\\/2018\\\/03\\\/fondation_cab_logo.jpg\",\"contentUrl\":\"https:\\\/\\\/cab.storycoding.agency\\\/wp-content\\\/uploads\\\/2018\\\/03\\\/fondation_cab_logo.jpg\",\"width\":250,\"height\":125,\"caption\":\"Fondation CAB\"},\"image\":{\"@id\":\"https:\\\/\\\/fondationcab.com\\\/nl#\\\/schema\\\/logo\\\/image\\\/\"},\"sameAs\":[\"https:\\\/\\\/www.facebook.com\\\/CABContemporaryArt\\\/\",\"https:\\\/\\\/www.instagram.com\\\/fondation_cab\\\/\",\"https:\\\/\\\/www.youtube.com\\\/channel\\\/UC4BG_XNA2Sn1VGimzwU60Aw\"]}]}<\/script>\n<!-- \/ Yoast SEO plugin. -->","yoast_head_json":{"title":"Tentoonstellingscatalogus \"Partenaires Particulaires (supports, surfaces, dissemination)\" - FONDATION CAB","robots":{"index":"index","follow":"follow","max-snippet":"max-snippet:-1","max-image-preview":"max-image-preview:large","max-video-preview":"max-video-preview:-1"},"canonical":"https:\/\/fondationcab.com\/nl\/e-shop\/boek\/tentoonstellingscatalogus-partenaires-particulaires-supports-surfaces-dissemination","og_locale":"nl_NL","og_type":"article","og_title":"Tentoonstellingscatalogus \"Partenaires Particulaires (supports, surfaces, dissemination)\" - FONDATION CAB","og_description":"Kunstenaars: Andr\u00e9-Pierre Arnal, Vincent Bouli\u00e9s, Ernest Breleur, Pierre Buraglio, Louis Cane, Daniel Dezeuze, Edith Dekyndt,Ladji Diaby, No\u00ebl Dolla, Miho Dohi, Marc Devade, Torkwase Dyson, Fred Eversley, Melinda Fourn, Hall. Haus. Kapwani Kiwanga, Ren\u00e9e Levi, Myriam Mihindou, Brandon Ndife, Jack O&#8217;Brien, Robert Overby, Bernard Pages, Jean-Pierre Pincemin, Patrick Saytour et Claude Viallat Waar: An exhibition organized&nbsp; &hellip; Read more","og_url":"https:\/\/fondationcab.com\/nl\/e-shop\/boek\/tentoonstellingscatalogus-partenaires-particulaires-supports-surfaces-dissemination","og_site_name":"FONDATION CAB","article_publisher":"https:\/\/www.facebook.com\/CABContemporaryArt\/","article_modified_time":"2025-07-07T21:13:20+00:00","og_image":[{"width":1737,"height":1920,"url":"https:\/\/fondationcab.com\/wp-content\/uploads\/2025\/07\/IMG_0309-min.jpg","type":"image\/jpeg"}],"twitter_card":"summary_large_image","twitter_misc":{"Geschatte leestijd":"1 minuut"},"schema":{"@context":"https:\/\/schema.org","@graph":[{"@type":"WebPage","@id":"https:\/\/fondationcab.com\/nl\/e-shop\/boek\/tentoonstellingscatalogus-partenaires-particulaires-supports-surfaces-dissemination","url":"https:\/\/fondationcab.com\/nl\/e-shop\/boek\/tentoonstellingscatalogus-partenaires-particulaires-supports-surfaces-dissemination","name":"Tentoonstellingscatalogus \"Partenaires Particulaires (supports, surfaces, dissemination)\" - FONDATION CAB","isPartOf":{"@id":"https:\/\/fondationcab.com\/nl#website"},"primaryImageOfPage":{"@id":"https:\/\/fondationcab.com\/nl\/e-shop\/boek\/tentoonstellingscatalogus-partenaires-particulaires-supports-surfaces-dissemination#primaryimage"},"image":{"@id":"https:\/\/fondationcab.com\/nl\/e-shop\/boek\/tentoonstellingscatalogus-partenaires-particulaires-supports-surfaces-dissemination#primaryimage"},"thumbnailUrl":"https:\/\/fondationcab.com\/wp-content\/uploads\/2025\/07\/IMG_0309-min.jpg","datePublished":"2025-07-07T20:08:24+00:00","dateModified":"2025-07-07T21:13:20+00:00","breadcrumb":{"@id":"https:\/\/fondationcab.com\/nl\/e-shop\/boek\/tentoonstellingscatalogus-partenaires-particulaires-supports-surfaces-dissemination#breadcrumb"},"inLanguage":"nl-NL","potentialAction":[{"@type":"ReadAction","target":["https:\/\/fondationcab.com\/nl\/e-shop\/boek\/tentoonstellingscatalogus-partenaires-particulaires-supports-surfaces-dissemination"]}]},{"@type":"ImageObject","inLanguage":"nl-NL","@id":"https:\/\/fondationcab.com\/nl\/e-shop\/boek\/tentoonstellingscatalogus-partenaires-particulaires-supports-surfaces-dissemination#primaryimage","url":"https:\/\/fondationcab.com\/wp-content\/uploads\/2025\/07\/IMG_0309-min.jpg","contentUrl":"https:\/\/fondationcab.com\/wp-content\/uploads\/2025\/07\/IMG_0309-min.jpg","width":1737,"height":1920},{"@type":"BreadcrumbList","@id":"https:\/\/fondationcab.com\/nl\/e-shop\/boek\/tentoonstellingscatalogus-partenaires-particulaires-supports-surfaces-dissemination#breadcrumb","itemListElement":[{"@type":"ListItem","position":1,"name":"Home","item":"https:\/\/fondationcab.com\/nl"},{"@type":"ListItem","position":2,"name":"Tentoonstellingscatalogus \u00ab\u00a0Partenaires Particulaires (supports, surfaces, dissemination)\u00a0\u00bb"}]},{"@type":"WebSite","@id":"https:\/\/fondationcab.com\/nl#website","url":"https:\/\/fondationcab.com\/nl","name":"FONDATION CAB","description":"","publisher":{"@id":"https:\/\/fondationcab.com\/nl#organization"},"potentialAction":[{"@type":"SearchAction","target":{"@type":"EntryPoint","urlTemplate":"https:\/\/fondationcab.com\/nl?s={search_term_string}"},"query-input":{"@type":"PropertyValueSpecification","valueRequired":true,"valueName":"search_term_string"}}],"inLanguage":"nl-NL"},{"@type":"Organization","@id":"https:\/\/fondationcab.com\/nl#organization","name":"Fondation CAB","url":"https:\/\/fondationcab.com\/nl","logo":{"@type":"ImageObject","inLanguage":"nl-NL","@id":"https:\/\/fondationcab.com\/nl#\/schema\/logo\/image\/","url":"https:\/\/cab.storycoding.agency\/wp-content\/uploads\/2018\/03\/fondation_cab_logo.jpg","contentUrl":"https:\/\/cab.storycoding.agency\/wp-content\/uploads\/2018\/03\/fondation_cab_logo.jpg","width":250,"height":125,"caption":"Fondation CAB"},"image":{"@id":"https:\/\/fondationcab.com\/nl#\/schema\/logo\/image\/"},"sameAs":["https:\/\/www.facebook.com\/CABContemporaryArt\/","https:\/\/www.instagram.com\/fondation_cab\/","https:\/\/www.youtube.com\/channel\/UC4BG_XNA2Sn1VGimzwU60Aw"]}]}},"_links":{"self":[{"href":"https:\/\/fondationcab.com\/nl\/wp-json\/wp\/v2\/product\/15571","targetHints":{"allow":["GET"]}}],"collection":[{"href":"https:\/\/fondationcab.com\/nl\/wp-json\/wp\/v2\/product"}],"about":[{"href":"https:\/\/fondationcab.com\/nl\/wp-json\/wp\/v2\/types\/product"}],"replies":[{"embeddable":true,"href":"https:\/\/fondationcab.com\/nl\/wp-json\/wp\/v2\/comments?post=15571"}],"wp:featuredmedia":[{"embeddable":true,"href":"https:\/\/fondationcab.com\/nl\/wp-json\/wp\/v2\/media\/15518"}],"wp:attachment":[{"href":"https:\/\/fondationcab.com\/nl\/wp-json\/wp\/v2\/media?parent=15571"}],"wp:term":[{"taxonomy":"product_brand","embeddable":true,"href":"https:\/\/fondationcab.com\/nl\/wp-json\/wp\/v2\/product_brand?post=15571"},{"taxonomy":"product_cat","embeddable":true,"href":"https:\/\/fondationcab.com\/nl\/wp-json\/wp\/v2\/product_cat?post=15571"},{"taxonomy":"product_tag","embeddable":true,"href":"https:\/\/fondationcab.com\/nl\/wp-json\/wp\/v2\/product_tag?post=15571"}],"curies":[{"name":"wp","href":"https:\/\/api.w.org\/{rel}","templated":true}]}}